{"id":873,"date":"2025-08-29T10:47:58","date_gmt":"2025-08-29T14:47:58","guid":{"rendered":"https:\/\/dev2025.smartaboutsalt.com\/acerca-de\/"},"modified":"2025-09-09T17:37:52","modified_gmt":"2025-09-09T21:37:52","slug":"acerca-de","status":"publish","type":"page","link":"https:\/\/dev2025.smartaboutsalt.com\/es\/acerca-de\/","title":{"rendered":"Acerca de"},"content":{"rendered":"<p>[et_pb_section fb_built=\u00bb1&#8243; _builder_version=\u00bb4.27.4&#8243; _module_preset=\u00bbdefault\u00bb use_background_color_gradient=\u00bbon\u00bb background_color_gradient_stops=\u00bb#a3a3a3 0%|#ffffff 90%\u00bb background_image=\u00bbhttps:\/\/dev2025.smartaboutsalt.com\/wp-content\/uploads\/2025\/08\/snow-plough.webp\u00bb background_position=\u00bbbottom_center\u00bb background_blend=\u00bbscreen\u00bb custom_padding=\u00bb70px||0px||false|false\u00bb global_colors_info=\u00bb{}\u00bb][et_pb_row _builder_version=\u00bb4.27.4&#8243; _module_preset=\u00bbdefault\u00bb width=\u00bb60%\u00bb width_tablet=\u00bb78%\u00bb width_phone=\u00bb79%\u00bb width_last_edited=\u00bbon|desktop\u00bb animation_style=\u00bbfade\u00bb global_colors_info=\u00bb{}\u00bb][et_pb_column type=\u00bb4_4&#8243; _builder_version=\u00bb4.27.4&#8243; _module_preset=\u00bbdefault\u00bb global_colors_info=\u00bb{}\u00bb][et_pb_text _builder_version=\u00bb4.27.4&#8243; _module_preset=\u00bbdefault\u00bb header_font=\u00bb|700|||||||\u00bb header_text_align=\u00bbcenter\u00bb header_text_color=\u00bb#017DC3&#8243; header_font_size=\u00bb60px\u00bb header_line_height=\u00bb1.1em\u00bb custom_margin=\u00bb||10px|||\u00bb hover_enabled=\u00bb0&#8243; header_font_size_tablet=\u00bb50px\u00bb header_font_size_phone=\u00bb36px\u00bb header_font_size_last_edited=\u00bbon|desktop\u00bb global_colors_info=\u00bb{}\u00bb sticky_enabled=\u00bb0&#8243;]<\/p>\n<h1>Acerca de nosotros<\/h1>\n<p>[\/et_pb_text][\/et_pb_column][\/et_pb_row][\/et_pb_section][et_pb_section fb_built=\u00bb1&#8243; _builder_version=\u00bb4.27.4&#8243; _module_preset=\u00bbdefault\u00bb custom_padding=\u00bb0px||||false|false\u00bb global_colors_info=\u00bb{}\u00bb][et_pb_row _builder_version=\u00bb4.27.4&#8243; _module_preset=\u00bbdefault\u00bb global_colors_info=\u00bb{}\u00bb][et_pb_column type=\u00bb4_4&#8243; _builder_version=\u00bb4.27.4&#8243; _module_preset=\u00bbdefault\u00bb global_colors_info=\u00bb{}\u00bb][et_pb_text _builder_version=\u00bb4.27.4&#8243; _module_preset=\u00bbdefault\u00bb text_orientation=\u00bbcenter\u00bb hover_enabled=\u00bb0&#8243; global_colors_info=\u00bb{}\u00bb sticky_enabled=\u00bb0&#8243;]El Smart About Salt Council (SASC) es una organizaci\u00f3n sin fines de lucro que ofrece capacitaci\u00f3n para mejorar las pr\u00e1cticas de salaz\u00f3n invernal en las instalaciones y reconoce a los l\u00edderes de la industria a trav\u00e9s de la certificaci\u00f3n.[\/et_pb_text][\/et_pb_column][\/et_pb_row][et_pb_row _builder_version=\u00bb4.27.4&#8243; _module_preset=\u00bbdefault\u00bb column_structure=\u00bb1_4,1_4,1_4,1_4&#8243; hover_enabled=\u00bb0&#8243; sticky_enabled=\u00bb0&#8243;][et_pb_column _builder_version=\u00bb4.27.4&#8243; _module_preset=\u00bbdefault\u00bb type=\u00bb1_4&#8243;][et_pb_text _builder_version=\u00bb4.27.4&#8243; _module_preset=\u00bbdefault\u00bb hover_enabled=\u00bb0&#8243; global_colors_info=\u00bb{}\u00bb sticky_enabled=\u00bb0&#8243; header_3_font=\u00bb|700|||||||\u00bb header_3_text_color=\u00bb#017DC3&#8243;]<\/p>\n<h3>Nuestra misi\u00f3n<\/h3>\n<p>Proteger el agua dulce de la sal de invierno aplicada en las instalaciones.<\/p>\n<p>[\/et_pb_text][\/et_pb_column][et_pb_column _builder_version=\u00bb4.27.4&#8243; _module_preset=\u00bbdefault\u00bb type=\u00bb1_4&#8243;][et_pb_text _builder_version=\u00bb4.27.4&#8243; _module_preset=\u00bbdefault\u00bb hover_enabled=\u00bb0&#8243; global_colors_info=\u00bb{}\u00bb sticky_enabled=\u00bb0&#8243; header_3_font=\u00bb|700|||||||\u00bb header_3_text_color=\u00bb#017DC3&#8243;]<\/p>\n<h3>Nuestra visi\u00f3n<\/h3>\n<p>Todas las instalaciones dise\u00f1adas y administradas profesionalmente para mejorar la seguridad en invierno y reducir el uso de sal.[\/et_pb_text][\/et_pb_column][et_pb_column _builder_version=\u00bb4.27.4&#8243; _module_preset=\u00bbdefault\u00bb type=\u00bb1_4&#8243;][et_pb_text _builder_version=\u00bb4.27.4&#8243; _module_preset=\u00bbdefault\u00bb hover_enabled=\u00bb0&#8243; global_colors_info=\u00bb{}\u00bb sticky_enabled=\u00bb0&#8243; header_3_font=\u00bb|700|||||||\u00bb header_3_text_color=\u00bb#017DC3&#8243;]<\/p>\n<h3>Nuestros valores (3Cs)<\/h3>\n<p><strong>Colaboraci\u00f3n:<\/strong> Creemos que la uni\u00f3n hace la fuerza y que juntos podemos abordar los complejos problemas sociales, econ\u00f3micos y ambientales relacionados con la seguridad en invierno.<\/p>\n<p><strong>Credibilidad:<\/strong> Reconocemos que los est\u00e1ndares claros y defendibles y la transparencia son fundamentales para lograr nuestra misi\u00f3n.<\/p>\n<p><strong>Mejora continua:<\/strong> Nos comprometemos a la mejora continua de nuestros programas y esperamos lo mismo de nuestros miembros.<\/p>\n<p>[\/et_pb_text][\/et_pb_column][et_pb_column _builder_version=\u00bb4.27.4&#8243; _module_preset=\u00bbdefault\u00bb type=\u00bb1_4&#8243;][et_pb_text _builder_version=\u00bb4.27.4&#8243; _module_preset=\u00bbdefault\u00bb hover_enabled=\u00bb0&#8243; global_colors_info=\u00bb{}\u00bb sticky_enabled=\u00bb0&#8243; header_3_font=\u00bb|700|||||||\u00bb header_3_text_color=\u00bb#017DC3&#8243;]<\/p>\n<h3>Nuestros objetivos (5Ps)<\/h3>\n<ul>\n<li><strong>Programas<\/strong> que desarrollen y reconozcan a los l\u00edderes de la industria;<\/li>\n<li><strong>Asociaciones<\/strong> que apoyen nuestra misi\u00f3n y visi\u00f3n;<\/li>\n<li><strong>Pol\u00edticas<\/strong> que mejoren los est\u00e1ndares de la industria;<\/li>\n<li><strong>Personas<\/strong> que est\u00e9n inspiradas, comprometidas e involucradas; y,<\/li>\n<li><strong>Rendimiento<\/strong> que sea medible y defendible.<\/li>\n<\/ul>\n<p>[\/et_pb_text][\/et_pb_column][\/et_pb_row][\/et_pb_section][et_pb_section fb_built=\u00bb1&#8243; _builder_version=\u00bb4.27.4&#8243; _module_preset=\u00bbdefault\u00bb background_color=\u00bb#015082&#8243; background_enable_image=\u00bboff\u00bb background_blend=\u00bbmultiply\u00bb custom_padding=\u00bb80px||80px||true|false\u00bb global_colors_info=\u00bb{}\u00bb][et_pb_row _builder_version=\u00bb4.27.4&#8243; _module_preset=\u00bbdefault\u00bb animation_style=\u00bbfade\u00bb global_colors_info=\u00bb{}\u00bb][et_pb_column type=\u00bb4_4&#8243; _builder_version=\u00bb4.27.4&#8243; _module_preset=\u00bbdefault\u00bb global_colors_info=\u00bb{}\u00bb][et_pb_text _builder_version=\u00bb4.27.4&#8243; _module_preset=\u00bbdefault\u00bb header_3_text_align=\u00bbleft\u00bb header_3_text_color=\u00bb#FFFFFF\u00bb header_3_font_size=\u00bb30px\u00bb header_3_line_height=\u00bb1.5em\u00bb hover_enabled=\u00bb0&#8243; global_colors_info=\u00bb{}\u00bb sticky_enabled=\u00bb0&#8243; header_3_font=\u00bb|700|||||||\u00bb text_text_color=\u00bb#FFFFFF\u00bb]<\/p>\n<h3>Junta directiva<\/h3>\n<p>Smart About Salt Council (SASC) es una organizaci\u00f3n registrada sin fines de lucro que opera en toda Am\u00e9rica del Norte. La organizaci\u00f3n est\u00e1 dirigida en gran parte por una Junta Directiva voluntaria. <\/p>\n<p>[\/et_pb_text][\/et_pb_column][\/et_pb_row][et_pb_row column_structure=\u00bb1_2,1_2&#8243; _builder_version=\u00bb4.27.4&#8243; _module_preset=\u00bbdefault\u00bb global_colors_info=\u00bb{}\u00bb][et_pb_column type=\u00bb1_2&#8243; _builder_version=\u00bb4.27.4&#8243; _module_preset=\u00bbdefault\u00bb global_colors_info=\u00bb{}\u00bb][et_pb_text _builder_version=\u00bb4.27.4&#8243; _module_preset=\u00bbdefault\u00bb text_text_color=\u00bb#FFFFFF\u00bb header_5_font=\u00bb|700|||||||\u00bb header_5_text_color=\u00bb#FFFFFF\u00bb header_5_font_size=\u00bb20px\u00bb header_5_line_height=\u00bb1.3em\u00bb hover_enabled=\u00bb0&#8243; global_colors_info=\u00bb{}\u00bb sticky_enabled=\u00bb0&#8243;]<\/p>\n<h5>Presidente<\/h5>\n<p>Eric Hodgins, Hidroge\u00f3logo Senior, sector municipal<\/p>\n<h5>Secretario-Tesorero<\/h5>\n<p>Tony DiGiovanni, Representante de la asociaci\u00f3n profesional, Landscape Ontario (LO)<\/p>\n<p>[\/et_pb_text][\/et_pb_column][et_pb_column type=\u00bb1_2&#8243; _builder_version=\u00bb4.27.4&#8243; _module_preset=\u00bbdefault\u00bb global_colors_info=\u00bb{}\u00bb][et_pb_text _builder_version=\u00bb4.27.4&#8243; _module_preset=\u00bbdefault\u00bb text_text_color=\u00bb#FFFFFF\u00bb header_5_font=\u00bb|700|||||||\u00bb header_5_text_color=\u00bb#FFFFFF\u00bb header_5_font_size=\u00bb20px\u00bb header_5_line_height=\u00bb1.3em\u00bb hover_enabled=\u00bb0&#8243; global_colors_info=\u00bb{}\u00bb sticky_enabled=\u00bb0&#8243;]<\/p>\n<h5>Directores<\/h5>\n<p>Nichole Ashton, Profesional del mantenimiento invernal<br \/>J. Paul Johnson, Experto en mantenimiento de carreteras municipales<br \/>Claire Oswald, Investigaci\u00f3n, sector acad\u00e9mico<br \/>Luke Pallister, profesional de la gesti\u00f3n de riesgos<br \/>Joe Salemi, representante de la asociaci\u00f3n profesional de mantenimiento invernal (Landscape Ontario (LO))<br \/>Daniel Schissler, Investigador de mantenimiento invernal\/profesional de mantenimiento invernal<br \/>Bill Thompson, Gerente integrado de cuencas hidrogr\u00e1ficas, sector de conservaci\u00f3n<\/p>\n<p>[\/et_pb_text][\/et_pb_column][\/et_pb_row][\/et_pb_section][et_pb_section fb_built=\u00bb1&#8243; _builder_version=\u00bb4.27.4&#8243; _module_preset=\u00bbdefault\u00bb custom_padding=\u00bb100px||100px||true|false\u00bb global_colors_info=\u00bb{}\u00bb][et_pb_row _builder_version=\u00bb4.27.4&#8243; _module_preset=\u00bbdefault\u00bb global_colors_info=\u00bb{}\u00bb][et_pb_column type=\u00bb4_4&#8243; _builder_version=\u00bb4.27.4&#8243; _module_preset=\u00bbdefault\u00bb global_colors_info=\u00bb{}\u00bb][et_pb_text _builder_version=\u00bb4.27.4&#8243; _module_preset=\u00bbdefault\u00bb header_font=\u00bb|600|||||||\u00bb header_2_font=\u00bb|700|||||||\u00bb header_2_text_align=\u00bbcenter\u00bb header_2_text_color=\u00bb#017DC3&#8243; header_2_line_height=\u00bb1.2em\u00bb custom_margin=\u00bb||22px|||\u00bb hover_enabled=\u00bb0&#8243; header_2_font_size_tablet=\u00bb24px\u00bb header_2_font_size_phone=\u00bb18px\u00bb header_2_font_size_last_edited=\u00bbon|phone\u00bb global_colors_info=\u00bb{}\u00bb sticky_enabled=\u00bb0&#8243; text_orientation=\u00bbcenter\u00bb]<\/p>\n<h2>Premios<\/h2>\n<p>Algunos de los muchos premios y reconocimientos recibidos por el Smart About Salt Council<\/p>\n<p>[\/et_pb_text][\/et_pb_column][\/et_pb_row][et_pb_row _builder_version=\u00bb4.27.4&#8243; _module_preset=\u00bbdefault\u00bb hover_enabled=\u00bb0&#8243; global_colors_info=\u00bb{}\u00bb sticky_enabled=\u00bb0&#8243;][et_pb_column type=\u00bb4_4&#8243; _builder_version=\u00bb4.27.4&#8243; _module_preset=\u00bbdefault\u00bb global_colors_info=\u00bb{}\u00bb][et_pb_text _builder_version=\u00bb4.27.4&#8243; _module_preset=\u00bbdefault\u00bb hover_enabled=\u00bb0&#8243; global_colors_info=\u00bb{}\u00bb sticky_enabled=\u00bb0&#8243;]<\/p>\n<h5>Smart about Salt Council (SASC) recibe el premio de educaci\u00f3n de la autoridad regional de conservaci\u00f3n del lago Simcoe<\/h5>\n<p>El Smart About Salt Council se complaci\u00f3 en que su programa Essentials of Salt Management fuera reconocido con el premio de educaci\u00f3n de la Autoridad Regional de Conservaci\u00f3n del Lago Simcoe el 16 de octubre de 2015.<\/p>\n<p>El presidente de la junta, Eric Hodgins, estuvo presente para recibir el premio y participar en la maravillosa velada que reconoci\u00f3 a los l\u00edderes ambientales en una variedad de categor\u00edas.<\/p>\n<p>&nbsp;<\/p>\n<h5>Asociaci\u00f3n de parques de Ontario (OPA)<\/h5>\n<p>El 9 de enero de 2012, la Asociaci\u00f3n de Parques de Ontario reconoci\u00f3 al Smart About Salt Council y al Municipio Regional de Waterloo con su <strong>Premio Proteger el Ma\u00f1ana Hoy<\/strong>. Los premios se entregaron en el almuerzo anual de premios de la OPA en Toronto. <\/p>\n<p>El premio se otorg\u00f3 <em>\u00aben reconocimiento a su importante contribuci\u00f3n a la mejora de nuestros parques y el medio ambiente en general, a trav\u00e9s de su liderazgo en la protecci\u00f3n de los sistemas de agua subterr\u00e1nea y los cursos de agua en la provincia de Ontario\u00bb<\/em>.<\/p>\n<p>El Director Ejecutivo del Smart About Salt Council acept\u00f3 el premio en nombre del Consejo. \u00abEstamos trabajando con varios departamentos de parques municipales y autoridades de conservaci\u00f3n para mejorar las pr\u00e1cticas de mantenimiento invernal y reducir los efectos ambientales del uso excesivo de sal. Nos sentimos honrados de recibir este prestigioso premio\u00bb, dijo el Director Ejecutivo de SASC. <\/p>\n<p>&nbsp;<\/p>\n<h5>Asociaci\u00f3n de Transporte de Canad\u00e1 (TAC)<\/h5>\n<p>En el oto\u00f1o de 2010, el Smart About Salt Program recibi\u00f3 el prestigioso Premio al Logro Educativo de la Asociaci\u00f3n de Transporte de Canad\u00e1 en Halifax, Nueva Escocia. Los nominados para el premio se eval\u00faan sobre la base de: <\/p>\n<ul>\n<li>Contribuci\u00f3n realizada a la educaci\u00f3n\/capacitaci\u00f3n de las personas involucradas en el programa;<\/li>\n<li>Grado de innovaci\u00f3n en el enfoque y la ejecuci\u00f3n del programa;<\/li>\n<li>Recompensa o beneficios logrados; y<\/li>\n<li>Aplicabilidad general a pr\u00e1cticas mejoradas, mejores conjuntos de habilidades y a la comunidad de transporte canadiense en su conjunto.<\/li>\n<\/ul>\n<p>El Premio reconoce la contribuci\u00f3n realizada por el Municipio Regional de Waterloo y su consultor (Ecoplans Limited) en el desarrollo de un programa innovador que trabaja con contratistas y propietarios de instalaciones para mejorar la gesti\u00f3n de la sal. En particular, se reconocieron los programas de capacitaci\u00f3n y educaci\u00f3n. <\/p>\n<p>La imagen muestra el premio siendo aceptado por Bob Hodgins (izquierda), ex presidente de Ecoplans Ltd, co-dise\u00f1ador del programa y ex Director Ejecutivo del Smart About Salt Council; y John Hammer (derecha), Director de Transporte, Regi\u00f3n de Waterloo. El premio fue presentado por Ray Mantha, Director Ejecutivo e Ingeniero Jefe del Ministerio de Transporte de Ontario. <\/p>\n<p>[\/et_pb_text][\/et_pb_column][\/et_pb_row][\/et_pb_section]<\/p>\n","protected":false},"excerpt":{"rendered":"<p>Acerca de nosotrosEl Smart About Salt Council (SASC) es una organizaci\u00f3n sin fines de lucro que ofrece capacitaci\u00f3n para mejorar las pr\u00e1cticas de salaz\u00f3n invernal en las instalaciones y reconoce a los l\u00edderes de la industria a trav\u00e9s de la certificaci\u00f3n.Nuestra misi\u00f3n Proteger el agua dulce de la sal de invierno aplicada en las instalaciones.Nuestra [&hellip;]<\/p>\n","protected":false},"author":1,"featured_media":0,"parent":0,"menu_order":0,"comment_status":"closed","ping_status":"closed","template":"","meta":{"_acf_changed":false,"_et_pb_use_builder":"on","_et_pb_old_content":"","_et_gb_content_width":"","footnotes":""},"dipi_cpt_category":[],"class_list":["post-873","page","type-page","status-publish","hentry"],"acf":[],"_links":{"self":[{"href":"https:\/\/dev2025.smartaboutsalt.com\/es\/wp-json\/wp\/v2\/pages\/873","targetHints":{"allow":["GET"]}}],"collection":[{"href":"https:\/\/dev2025.smartaboutsalt.com\/es\/wp-json\/wp\/v2\/pages"}],"about":[{"href":"https:\/\/dev2025.smartaboutsalt.com\/es\/wp-json\/wp\/v2\/types\/page"}],"author":[{"embeddable":true,"href":"https:\/\/dev2025.smartaboutsalt.com\/es\/wp-json\/wp\/v2\/users\/1"}],"replies":[{"embeddable":true,"href":"https:\/\/dev2025.smartaboutsalt.com\/es\/wp-json\/wp\/v2\/comments?post=873"}],"version-history":[{"count":2,"href":"https:\/\/dev2025.smartaboutsalt.com\/es\/wp-json\/wp\/v2\/pages\/873\/revisions"}],"predecessor-version":[{"id":875,"href":"https:\/\/dev2025.smartaboutsalt.com\/es\/wp-json\/wp\/v2\/pages\/873\/revisions\/875"}],"wp:attachment":[{"href":"https:\/\/dev2025.smartaboutsalt.com\/es\/wp-json\/wp\/v2\/media?parent=873"}],"wp:term":[{"taxonomy":"dipi_cpt_category","embeddable":true,"href":"https:\/\/dev2025.smartaboutsalt.com\/es\/wp-json\/wp\/v2\/dipi_cpt_category?post=873"}],"curies":[{"name":"wp","href":"https:\/\/api.w.org\/{rel}","templated":true}]}}