{"id":876,"date":"2025-08-27T09:34:39","date_gmt":"2025-08-27T13:34:39","guid":{"rendered":"https:\/\/dev2025.smartaboutsalt.com\/servicios-de-auditoria\/"},"modified":"2025-09-09T17:38:23","modified_gmt":"2025-09-09T21:38:23","slug":"servicios-de-auditoria","status":"publish","type":"page","link":"https:\/\/dev2025.smartaboutsalt.com\/es\/servicios-de-auditoria\/","title":{"rendered":"Servicios de auditor\u00eda"},"content":{"rendered":"<p>[et_pb_section fb_built=\u00bb1&#8243; _builder_version=\u00bb4.27.4&#8243; _module_preset=\u00bbdefault\u00bb use_background_color_gradient=\u00bbon\u00bb background_color_gradient_stops=\u00bb#a3a3a3 0%|#ffffff 90%\u00bb background_image=\u00bbhttps:\/\/dev2025.smartaboutsalt.com\/wp-content\/uploads\/2025\/08\/snow-plough.webp\u00bb background_position=\u00bbbottom_center\u00bb background_blend=\u00bbscreen\u00bb custom_padding=\u00bb70px||0px||false|false\u00bb hover_enabled=\u00bb0&#8243; global_colors_info=\u00bb{}\u00bb sticky_enabled=\u00bb0&#8243;][et_pb_row _builder_version=\u00bb4.27.4&#8243; _module_preset=\u00bbdefault\u00bb width=\u00bb60%\u00bb width_tablet=\u00bb78%\u00bb width_phone=\u00bb79%\u00bb width_last_edited=\u00bbon|desktop\u00bb animation_style=\u00bbfade\u00bb global_colors_info=\u00bb{}\u00bb][et_pb_column type=\u00bb4_4&#8243; _builder_version=\u00bb4.27.4&#8243; _module_preset=\u00bbdefault\u00bb global_colors_info=\u00bb{}\u00bb][et_pb_text _builder_version=\u00bb4.27.4&#8243; _module_preset=\u00bbdefault\u00bb header_font=\u00bb|700|||||||\u00bb header_text_align=\u00bbcenter\u00bb header_text_color=\u00bb#017DC3&#8243; header_font_size=\u00bb60px\u00bb header_line_height=\u00bb1.1em\u00bb custom_margin=\u00bb||10px|||\u00bb header_font_size_tablet=\u00bb50px\u00bb header_font_size_phone=\u00bb36px\u00bb header_font_size_last_edited=\u00bbon|desktop\u00bb global_colors_info=\u00bb{}\u00bb]<\/p>\n<h1>Servicios de auditor\u00eda<\/h1>\n<p>[\/et_pb_text][\/et_pb_column][\/et_pb_row][\/et_pb_section][et_pb_section fb_built=\u00bb1&#8243; _builder_version=\u00bb4.27.4&#8243; _module_preset=\u00bbdefault\u00bb custom_padding=\u00bb0px||||false|false\u00bb global_colors_info=\u00bb{}\u00bb][et_pb_row _builder_version=\u00bb4.27.4&#8243; _module_preset=\u00bbdefault\u00bb global_colors_info=\u00bb{}\u00bb][et_pb_column type=\u00bb4_4&#8243; _builder_version=\u00bb4.27.4&#8243; _module_preset=\u00bbdefault\u00bb global_colors_info=\u00bb{}\u00bb][et_pb_text _builder_version=\u00bb4.27.4&#8243; _module_preset=\u00bbdefault\u00bb text_orientation=\u00bbcenter\u00bb global_colors_info=\u00bb{}\u00bb]El Consejo Smart About Salt (SASC) agradece al Gobierno de Ontario por brindar asistencia financiera para ayudar en el desarrollo de un programa de verificaci\u00f3n apropiado para ayudar en los esfuerzos de certificaci\u00f3n y acreditaci\u00f3n de los contratistas de mantenimiento de invierno, propietarios\/operadores de instalaciones y otros, para ayudar a SASC a continuar actualizando nuestros galardonados programas de educaci\u00f3n y para facilitar el di\u00e1logo entre todos aquellos que tienen un inter\u00e9s en la seguridad, las pr\u00e1cticas de mantenimiento de invierno y el medio ambiente.[\/et_pb_text][\/et_pb_column][\/et_pb_row][\/et_pb_section][et_pb_section fb_built=\u00bb1&#8243; _builder_version=\u00bb4.27.4&#8243; _module_preset=\u00bbdefault\u00bb custom_padding=\u00bb0px||100px||false|false\u00bb global_colors_info=\u00bb{}\u00bb][et_pb_row _builder_version=\u00bb4.27.4&#8243; _module_preset=\u00bbdefault\u00bb global_colors_info=\u00bb{}\u00bb][et_pb_column type=\u00bb4_4&#8243; _builder_version=\u00bb4.27.4&#8243; _module_preset=\u00bbdefault\u00bb global_colors_info=\u00bb{}\u00bb][et_pb_text _builder_version=\u00bb4.27.4&#8243; _module_preset=\u00bbdefault\u00bb header_font=\u00bb|600|||||||\u00bb header_2_font=\u00bb|700|||||||\u00bb header_2_text_align=\u00bbcenter\u00bb header_2_text_color=\u00bb#017DC3&#8243; header_2_line_height=\u00bb1.2em\u00bb custom_margin=\u00bb||22px|||\u00bb header_2_font_size_tablet=\u00bb24px\u00bb header_2_font_size_phone=\u00bb18px\u00bb header_2_font_size_last_edited=\u00bbon|phone\u00bb global_colors_info=\u00bb{}\u00bb]<\/p>\n<h2>Resumen de los esfuerzos de SASC para desarrollar un programa de verificaci\u00f3n relevante<\/h2>\n<p>[\/et_pb_text][et_pb_text _builder_version=\u00bb4.27.4&#8243; _module_preset=\u00bbdefault\u00bb header_5_line_height=\u00bb1.4em\u00bb global_colors_info=\u00bb{}\u00bb]<\/p>\n<h5>1. Contrataci\u00f3n de un consultor<\/h5>\n<p>Utilizando pr\u00e1cticas de adquisici\u00f3n probadas y preferidas, se elabor\u00f3 y distribuy\u00f3 un documento de solicitud de propuestas (RFP) utilizando MERX: el servicio de licitaci\u00f3n electr\u00f3nica de Canad\u00e1. Como resultado, se retuvieron los servicios de WSP Canada Group. WSP Global Inc. es una empresa canadiense que presta servicios de gesti\u00f3n y consultor\u00eda para el entorno construido y natural. Cotiza en la Bolsa de Valores de Toronto (TSX:WSP).<\/p>\n<p>&nbsp;<\/p>\n<h5>2. Escaneo jurisdiccional<\/h5>\n<p>Se realiz\u00f3 un escaneo jurisdiccional a trav\u00e9s de una combinaci\u00f3n de una b\u00fasqueda en Internet, una consulta de LISTSERV y entrevistas telef\u00f3nicas. La intenci\u00f3n era localizar programas similares a SASC e investigar sus m\u00e9todos de verificaci\u00f3n y auditor\u00eda. La b\u00fasqueda se limit\u00f3 a Am\u00e9rica del Norte para mantener una relevancia con respecto a las condiciones de nieve y hielo, la infraestructura de carreteras y estacionamientos y la cultura legislativa. Por esta raz\u00f3n, no se incluyeron programas en Europa.<\/p>\n<p>La b\u00fasqueda en Internet se realiz\u00f3 haciendo referencia a portales conocidos de informaci\u00f3n sobre mantenimiento de invierno, como la Administraci\u00f3n Federal de Carreteras (FHWA), la Asociaci\u00f3n Americana de Funcionarios Estatales de Carreteras y Transporte (AASHTO) y el Consejo de Investigaci\u00f3n del Transporte (TRB). Luego, la b\u00fasqueda se ampli\u00f3 para incluir p\u00e1ginas comerciales, sitios web de programas y bases de datos gubernamentales. La atenci\u00f3n se centr\u00f3 en encontrar e investigar proyectos de certificaci\u00f3n de aplicaci\u00f3n de sal de carretera y sus procesos de capacitaci\u00f3n, verificaci\u00f3n y acreditaci\u00f3n. Los materiales consultados incluyeron art\u00edculos acad\u00e9micos, documentos de presentaci\u00f3n de capacitaci\u00f3n, art\u00edculos de noticias y p\u00e1ginas web. LISTSERV es una aplicaci\u00f3n de software que distribuye mensajes a los suscriptores de una lista de correo electr\u00f3nico. Para este proyecto, se plante\u00f3 una consulta en la lista de correo SNOW-ICE que se centra en la comunicaci\u00f3n entre los profesionales del mantenimiento de invierno. Las respuestas se consideraron a trav\u00e9s del contexto del alcance y la intenci\u00f3n del proyecto y se investigaron en consecuencia. De lo anterior, se identificaron representantes de la organizaci\u00f3n y se les telefone\u00f3 para brindar claridad\/ampliar su informaci\u00f3n en l\u00ednea.<\/p>\n<p>&nbsp;<\/p>\n<h5>3. Un marco para la verificaci\u00f3n del programa<\/h5>\n<p>Trabajando con consultores profesionales, se ha redactado un programa de verificaci\u00f3n y se ha compartido un documento de discusi\u00f3n ampliamente con las partes interesadas de la industria del mantenimiento de invierno. El protocolo de verificaci\u00f3n se bas\u00f3 en el conocimiento obtenido a trav\u00e9s de la finalizaci\u00f3n del escaneo jurisdiccional y consider\u00f3:<\/p>\n<p>i. Programas de capacitaci\u00f3n y certificaci\u00f3n SASC existentes;<\/p>\n<p>ii. Las limitaciones de recursos de los contratistas de mantenimiento de invierno y otros;<\/p>\n<p>iii. Requisitos generales de seguridad;<\/p>\n<p>iv. Pr\u00e1cticas l\u00edderes que podr\u00edan abordar las preocupaciones de responsabilidad y otros problemas;<\/p>\n<p>v. Procedimientos necesarios para verificar el uso de la capacitaci\u00f3n SASC;<\/p>\n<p>vi. La necesidad de informar;<\/p>\n<p>vii. Verificaci\u00f3n del programa de m\u00e9tricas de rendimiento, tales como: Calibraci\u00f3n, pre-humedecimiento, el porcentaje de empleados que est\u00e1n capacitados en pr\u00e1cticas l\u00edderes en mantenimiento de invierno, el porcentaje de supervisores que est\u00e1n capacitados en pr\u00e1cticas l\u00edderes en mantenimiento de invierno, el porcentaje de controladores autom\u00e1ticos que se utilizan, el uso de hojas y equipos avanzados para quitanieves, el uso en operaciones de mantenimiento de invierno de equipos de detecci\u00f3n de temperatura, arena y aplicaci\u00f3n directa de l\u00edquidos, el uso de productos bajos en sal o sin sal, los desaf\u00edos resultantes de eventos significativos de tormentas de invierno, las cantidades reales de productos descongelantes utilizados con \u00e9nfasis en productos de sal (cloruros), uso de contratos de responsabilidad compartida, etc.; y,<\/p>\n<p>viii. Requisitos de informes definidos y c\u00f3mo deben registrarse. Se ha prestado atenci\u00f3n al n\u00famero y la frecuencia de las quejas, el n\u00famero y la frecuencia de las auditor\u00edas, los hallazgos en contra de las pr\u00e1cticas l\u00edderes, las ense\u00f1anzas y los est\u00e1ndares de certificaci\u00f3n del SASC.<\/p>\n<p>&nbsp;<\/p>\n<h5>4. Resumen de hallazgos<\/h5>\n<ol>\n<li>Seg\u00fan nuestro leal saber y entender, el desarrollo del protocolo de verificaci\u00f3n es una primicia internacional y de la industria.<\/li>\n<li>El proyecto confirm\u00f3 la premisa de que una verificaci\u00f3n en torno al uso de las mejores pr\u00e1cticas en el mantenimiento de invierno es \u00fatil para seguir esforz\u00e1ndose por reducir la aplicaci\u00f3n excesiva de cloruros como resultado de malas pr\u00e1cticas de mantenimiento de invierno. De hecho, estudios recientes confirman que existe un punto llamado \u00abRicitos de Oro\u00bb en el que la sal (t\u00edpicamente cloruro de sodio) y otros productos son efectivos y mantienen la seguridad: Demasiado poco y la seguridad se ve comprometida, pero demasiado tambi\u00e9n tiene consecuencias ambientales negativas y disminuye los esfuerzos de seguridad.<\/li>\n<li>Los contratistas de mantenimiento de invierno se &#8216;erizaron&#8217; ante el lenguaje de una \u00abauditor\u00eda del programa\u00bb. Adem\u00e1s, las comunicaciones ten\u00edan que ser excepcionalmente expl\u00edcitas en los mensajes y la informaci\u00f3n solicitada. Por ejemplo, en varias ocasiones, cuando los registros que corroboran las \u00e1reas de servicio informadas y los productos descongelantes utilizados, los contratistas de mantenimiento de invierno confundieron la solicitud con la b\u00fasqueda de documentos contractuales confidenciales.<\/li>\n<li>En la mayor\u00eda, los documentos presentados a SASC como parte del proyecto parecieron confirmar el uso de sal informado.<\/li>\n<li>Estos conocimientos y sofisticaci\u00f3n de aquellos que participaron en las auditor\u00edas en el campo difirieron ampliamente y, como resultado, no hubo puntos en com\u00fan aparentes m\u00e1s all\u00e1 del hecho de que todos y cada uno podr\u00edan, en diversos grados, continuar mejorando sus operaciones evolucionando hacia las mejores pr\u00e1cticas de gesti\u00f3n.<\/li>\n<\/ol>\n<p>[\/et_pb_text][\/et_pb_column][\/et_pb_row][\/et_pb_section]<\/p>\n","protected":false},"excerpt":{"rendered":"<p>Servicios de auditor\u00edaEl Consejo Smart About Salt (SASC) agradece al Gobierno de Ontario por brindar asistencia financiera para ayudar en el desarrollo de un programa de verificaci\u00f3n apropiado para ayudar en los esfuerzos de certificaci\u00f3n y acreditaci\u00f3n de los contratistas de mantenimiento de invierno, propietarios\/operadores de instalaciones y otros, para ayudar a SASC a continuar [&hellip;]<\/p>\n","protected":false},"author":1,"featured_media":0,"parent":0,"menu_order":0,"comment_status":"closed","ping_status":"closed","template":"","meta":{"_acf_changed":false,"_et_pb_use_builder":"on","_et_pb_old_content":"","_et_gb_content_width":"","footnotes":""},"dipi_cpt_category":[],"class_list":["post-876","page","type-page","status-publish","hentry"],"acf":[],"_links":{"self":[{"href":"https:\/\/dev2025.smartaboutsalt.com\/es\/wp-json\/wp\/v2\/pages\/876","targetHints":{"allow":["GET"]}}],"collection":[{"href":"https:\/\/dev2025.smartaboutsalt.com\/es\/wp-json\/wp\/v2\/pages"}],"about":[{"href":"https:\/\/dev2025.smartaboutsalt.com\/es\/wp-json\/wp\/v2\/types\/page"}],"author":[{"embeddable":true,"href":"https:\/\/dev2025.smartaboutsalt.com\/es\/wp-json\/wp\/v2\/users\/1"}],"replies":[{"embeddable":true,"href":"https:\/\/dev2025.smartaboutsalt.com\/es\/wp-json\/wp\/v2\/comments?post=876"}],"version-history":[{"count":2,"href":"https:\/\/dev2025.smartaboutsalt.com\/es\/wp-json\/wp\/v2\/pages\/876\/revisions"}],"predecessor-version":[{"id":878,"href":"https:\/\/dev2025.smartaboutsalt.com\/es\/wp-json\/wp\/v2\/pages\/876\/revisions\/878"}],"wp:attachment":[{"href":"https:\/\/dev2025.smartaboutsalt.com\/es\/wp-json\/wp\/v2\/media?parent=876"}],"wp:term":[{"taxonomy":"dipi_cpt_category","embeddable":true,"href":"https:\/\/dev2025.smartaboutsalt.com\/es\/wp-json\/wp\/v2\/dipi_cpt_category?post=876"}],"curies":[{"name":"wp","href":"https:\/\/api.w.org\/{rel}","templated":true}]}}