{"id":879,"date":"2025-08-27T09:40:50","date_gmt":"2025-08-27T13:40:50","guid":{"rendered":"https:\/\/dev2025.smartaboutsalt.com\/certificacion\/"},"modified":"2025-09-09T17:42:21","modified_gmt":"2025-09-09T21:42:21","slug":"certificacion","status":"publish","type":"page","link":"https:\/\/dev2025.smartaboutsalt.com\/es\/certificacion\/","title":{"rendered":"Certificaci\u00f3n"},"content":{"rendered":"<p>[et_pb_section fb_built=\u00bb1&#8243; _builder_version=\u00bb4.27.4&#8243; _module_preset=\u00bbdefault\u00bb use_background_color_gradient=\u00bbon\u00bb background_color_gradient_stops=\u00bb#a3a3a3 0%|#ffffff 90%\u00bb background_image=\u00bbhttps:\/\/dev2025.smartaboutsalt.com\/wp-content\/uploads\/2025\/08\/snow-plough.webp\u00bb background_position=\u00bbbottom_center\u00bb background_blend=\u00bbscreen\u00bb custom_padding=\u00bb70px||0px||false|false\u00bb hover_enabled=\u00bb0&#8243; global_colors_info=\u00bb{}\u00bb sticky_enabled=\u00bb0&#8243;][et_pb_row _builder_version=\u00bb4.27.4&#8243; _module_preset=\u00bbdefault\u00bb width=\u00bb60%\u00bb width_tablet=\u00bb78%\u00bb width_phone=\u00bb79%\u00bb width_last_edited=\u00bbon|desktop\u00bb animation_style=\u00bbfade\u00bb global_colors_info=\u00bb{}\u00bb][et_pb_column type=\u00bb4_4&#8243; _builder_version=\u00bb4.27.4&#8243; _module_preset=\u00bbdefault\u00bb global_colors_info=\u00bb{}\u00bb][et_pb_text _builder_version=\u00bb4.27.4&#8243; _module_preset=\u00bbdefault\u00bb header_font=\u00bb|700|||||||\u00bb header_text_align=\u00bbcenter\u00bb header_text_color=\u00bb#017DC3&#8243; header_font_size=\u00bb60px\u00bb header_line_height=\u00bb1.1em\u00bb custom_margin=\u00bb||10px|||\u00bb header_font_size_tablet=\u00bb50px\u00bb header_font_size_phone=\u00bb36px\u00bb header_font_size_last_edited=\u00bbon|desktop\u00bb global_colors_info=\u00bb{}\u00bb]<\/p>\n<h1>Certificaci\u00f3n<\/h1>\n<p>[\/et_pb_text][\/et_pb_column][\/et_pb_row][\/et_pb_section][et_pb_section fb_built=\u00bb1&#8243; _builder_version=\u00bb4.27.4&#8243; _module_preset=\u00bbdefault\u00bb custom_padding=\u00bb0px||||false|false\u00bb global_colors_info=\u00bb{}\u00bb][et_pb_row _builder_version=\u00bb4.27.4&#8243; _module_preset=\u00bbdefault\u00bb global_colors_info=\u00bb{}\u00bb][et_pb_column type=\u00bb4_4&#8243; _builder_version=\u00bb4.27.4&#8243; _module_preset=\u00bbdefault\u00bb global_colors_info=\u00bb{}\u00bb][et_pb_text _builder_version=\u00bb4.27.4&#8243; _module_preset=\u00bbdefault\u00bb text_orientation=\u00bbcenter\u00bb global_colors_info=\u00bb{}\u00bb]Ofrecemos certificaci\u00f3n tanto para profesionales (privados y municipales) como para sitios de mantenimiento invernal.<\/p>\n<p>Para obtener la certificaci\u00f3n, debe presentar una solicitud y demostrar que ha cumplido con los est\u00e1ndares del Smart About Salt Council (SASC) completando con \u00e9xito la capacitaci\u00f3n galardonada \u00abEssentials of Salt Management\u00bb. Esto se puede hacer en l\u00ednea. Adem\u00e1s de la capacitaci\u00f3n, las nuevas solicitudes de certificaci\u00f3n deben ir acompa\u00f1adas de un formulario de solicitud preciso y una autoevaluaci\u00f3n.  <\/p>\n<p>Para mantener la certificaci\u00f3n, se requiere un informe anual y se pueden realizar verificaciones aleatorias del programa para verificar el cumplimiento de los est\u00e1ndares de SASC.[\/et_pb_text][et_pb_text _builder_version=\u00bb4.27.4&#8243; _module_preset=\u00bbdefault\u00bb text_text_color=\u00bb#017DC3&#8243; text_font_size=\u00bb14px\u00bb link_font=\u00bb||||on||||\u00bb link_text_color=\u00bb#017DC3&#8243; text_orientation=\u00bbcenter\u00bb global_colors_info=\u00bb{}\u00bb]<\/p>\n<p>Tenga en cuenta que tambi\u00e9n ofrecemos capacitaci\u00f3n y acreditaci\u00f3n individual para usted y su personal.<br \/><a href=\"https:\/\/dev2025.smartaboutsalt.com\/es\/capacitacion\/\">Obtenga m\u00e1s informaci\u00f3n sobre nuestro programa de capacitaci\u00f3n Smart About Salt Essentials.<\/a><\/p>\n<p>[\/et_pb_text][\/et_pb_column][\/et_pb_row][\/et_pb_section][et_pb_section fb_built=\u00bb1&#8243; _builder_version=\u00bb4.27.4&#8243; _module_preset=\u00bbdefault\u00bb custom_padding=\u00bb0px||100px||false|false\u00bb global_colors_info=\u00bb{}\u00bb][et_pb_row column_structure=\u00bb1_2,1_2&#8243; _builder_version=\u00bb4.27.4&#8243; _module_preset=\u00bbdefault\u00bb global_colors_info=\u00bb{}\u00bb][et_pb_column type=\u00bb1_2&#8243; _builder_version=\u00bb4.27.4&#8243; _module_preset=\u00bbdefault\u00bb global_colors_info=\u00bb{}\u00bb][et_pb_image src=\u00bbhttps:\/\/dev2025.smartaboutsalt.com\/wp-content\/uploads\/2025\/08\/truck_banner.png\u00bb title_text=\u00bbtruck_banner\u00bb _builder_version=\u00bb4.27.4&#8243; _module_preset=\u00bbdefault\u00bb global_colors_info=\u00bb{}\u00bb][\/et_pb_image][et_pb_text _builder_version=\u00bb4.27.4&#8243; _module_preset=\u00bbdefault\u00bb header_4_font=\u00bb|700|||||||\u00bb header_4_text_color=\u00bb#017DC3&#8243; global_colors_info=\u00bb{}\u00bb]<\/p>\n<h4>Contratista certificado<\/h4>\n<p>Un contratista certificado es una empresa de contrataci\u00f3n de nieve y hielo que cumple con los criterios del Smart About Salt Council (SASC). En parte, esto significa que la finalizaci\u00f3n exitosa del curso \u00abEssentials of Salt Management\u00bb se define como la finalizaci\u00f3n dentro de los \u00faltimos cinco (5) a\u00f1os. <\/p>\n<p>Tenga en cuenta que un operador capacitado, una persona que ha aprobado con \u00e9xito la prueba de capacitaci\u00f3n \u00abEssentials of Salt Management\u00bb del Smart About Salt Council, no se considera un contratista certificado.<\/p>\n<p>[\/et_pb_text][et_pb_text _builder_version=\u00bb4.27.4&#8243; _module_preset=\u00bbdefault\u00bb link_font=\u00bb||||on||||\u00bb link_text_color=\u00bb#017DC3&#8243; header_5_font=\u00bb|700|||||||\u00bb header_5_font_size=\u00bb19px\u00bb background_color=\u00bb#F4F4F4&#8243; custom_padding=\u00bb30px|30px|20px|30px|false|true\u00bb global_colors_info=\u00bb{}\u00bb]<\/p>\n<h5>Proceso de solicitud<\/h5>\n<ol>\n<li>Registre su intenci\u00f3n de certificarse (opcional)<\/li>\n<li>Lea la <a href=\"\/wp-content\/uploads\/2025\/08\/Contractor-Designation-Guide.pdf\" target=\"_blank\" rel=\"noopener\">gu\u00eda de designaci\u00f3n de contratistas<\/a><\/li>\n<li>Complete las <a href=\"\/wp-content\/uploads\/2025\/08\/Self-Assessment-Operations-Worksheets.pdf\" target=\"_blank\" rel=\"noopener\">hojas de trabajo de autoevaluaci\u00f3n<\/a><\/li>\n<li>Env\u00ede la <a href=\"\/wp-content\/uploads\/2025\/08\/Application-Certified-Contracting-Company.pdf\" target=\"_blank\" rel=\"noopener\">solicitud de certificaci\u00f3n y renovaci\u00f3n anual<\/a><\/li>\n<\/ol>\n<p>[\/et_pb_text][et_pb_text _builder_version=\u00bb4.27.4&#8243; _module_preset=\u00bbdefault\u00bb link_font=\u00bb||||on||||\u00bb link_text_color=\u00bb#017DC3&#8243; header_5_font=\u00bb|700|||||||\u00bb header_5_font_size=\u00bb19px\u00bb background_enable_color=\u00bboff\u00bb custom_padding=\u00bb||||false|false\u00bb global_colors_info=\u00bb{}\u00bb]<\/p>\n<h5>Beneficios<\/h5>\n<ul>\n<li>Difer\u00e9nciese de &#8216;la competencia&#8217; y demuestre su profesionalismo;<\/li>\n<li>Reduzca sus costos de operaciones de nieve y hielo;<\/li>\n<li><strong>Califique para descuentos en primas de seguros;<\/strong><\/li>\n<li>Demuestre su compromiso con la administraci\u00f3n ambiental;<\/li>\n<li>Califique para contratos de clientes participantes; y,<\/li>\n<li>Mejore la seguridad de sus clientes.<\/li>\n<\/ul>\n<p>[\/et_pb_text][\/et_pb_column][et_pb_column type=\u00bb1_2&#8243; _builder_version=\u00bb4.27.4&#8243; _module_preset=\u00bbdefault\u00bb global_colors_info=\u00bb{}\u00bb][et_pb_image src=\u00bbhttps:\/\/dev2025.smartaboutsalt.com\/wp-content\/uploads\/2025\/08\/parkinglot_banner.png\u00bb title_text=\u00bbparkinglot_banner\u00bb _builder_version=\u00bb4.27.4&#8243; _module_preset=\u00bbdefault\u00bb global_colors_info=\u00bb{}\u00bb][\/et_pb_image][et_pb_text _builder_version=\u00bb4.27.4&#8243; _module_preset=\u00bbdefault\u00bb header_4_font=\u00bb|700|||||||\u00bb header_4_text_color=\u00bb#017DC3&#8243; global_colors_info=\u00bb{}\u00bb]<\/p>\n<h4>Sitio certificado<\/h4>\n<p>Un sitio certificado es una propiedad que cumple con los criterios del Smart About Salt Council (SASC) para su designaci\u00f3n.[\/et_pb_text][et_pb_text _builder_version=\u00bb4.27.4&#8243; _module_preset=\u00bbdefault\u00bb link_font=\u00bb||||on||||\u00bb link_text_color=\u00bb#017DC3&#8243; header_5_font=\u00bb|700|||||||\u00bb header_5_font_size=\u00bb19px\u00bb background_color=\u00bb#F4F4F4&#8243; custom_padding=\u00bb30px|30px|20px|30px|false|true\u00bb global_colors_info=\u00bb{}\u00bb]<\/p>\n<h5>Proceso de solicitud<\/h5>\n<ol>\n<li>Revise la <a href=\"\/uploads\/2025\/08\/Site-Designation-Guide.pdf\" target=\"_blank\" rel=\"noopener\">gu\u00eda de designaci\u00f3n del sitio<\/a><\/li>\n<li>Complete la <a href=\"\/wp-content\/uploads\/2025\/08\/Self-Assessment-Site-Worksheet.pdf\" target=\"_blank\" rel=\"noopener\">hoja de trabajo de autoevaluaci\u00f3n del sitio<\/a><\/li>\n<li>Env\u00ede el <a href=\"\/wp-content\/uploads\/2025\/08\/Site-Certification-Application-and-Renewal-Form.pdf\" target=\"_blank\" rel=\"noopener\">formulario de solicitud de designaci\u00f3n del sitio<\/a><\/li>\n<\/ol>\n<p>[\/et_pb_text][et_pb_text _builder_version=\u00bb4.27.4&#8243; _module_preset=\u00bbdefault\u00bb link_font=\u00bb||||on||||\u00bb link_text_color=\u00bb#017DC3&#8243; header_5_font=\u00bb|700|||||||\u00bb header_5_font_size=\u00bb19px\u00bb background_enable_color=\u00bboff\u00bb custom_padding=\u00bb||||false|false\u00bb global_colors_info=\u00bb{}\u00bb]<\/p>\n<h5>Sitios elegibles<\/h5>\n<ul>\n<li>Propiedades institucionales como gobierno o escuelas<\/li>\n<li>Edificios residenciales de unidades m\u00faltiples, como condominios, apartamentos y complejos de casas adosadas<\/li>\n<li>Propiedades industriales y comerciales, como plazas comerciales, grandes f\u00e1bricas, estadios y complejos industriales ligeros<\/li>\n<\/ul>\n<p>[\/et_pb_text][et_pb_text _builder_version=\u00bb4.27.4&#8243; _module_preset=\u00bbdefault\u00bb link_font=\u00bb||||on||||\u00bb link_text_color=\u00bb#017DC3&#8243; header_5_font=\u00bb|700|||||||\u00bb header_5_font_size=\u00bb19px\u00bb background_enable_color=\u00bboff\u00bb custom_padding=\u00bb||||false|false\u00bb global_colors_info=\u00bb{}\u00bb]<\/p>\n<h5>Beneficios<\/h5>\n<ul>\n<li>Reduzca sus costos de gesti\u00f3n de sal invernal;<\/li>\n<li><strong>Califique para descuentos en primas de seguros;<\/strong><\/li>\n<li>Reduzca los da\u00f1os a la infraestructura en ladrillos, puertas y aceras;<\/li>\n<li>Reduzca los da\u00f1os a la propiedad del cliente sin comprometer su seguridad;<\/li>\n<li>Demuestre su compromiso con la administraci\u00f3n ambiental; y,<\/li>\n<li><strong>Se ofrecen cr\u00e9ditos de aguas pluviales a los sitios certificados por SAS dentro de ciertos municipios.<\/strong><\/li>\n<\/ul>\n<p>[\/et_pb_text][\/et_pb_column][\/et_pb_row][\/et_pb_section][et_pb_section fb_built=\u00bb1&#8243; module_id=\u00bbbundle\u00bb _builder_version=\u00bb4.27.4&#8243; _module_preset=\u00bbdefault\u00bb background_color=\u00bb#015082&#8243; background_enable_image=\u00bboff\u00bb background_blend=\u00bbmultiply\u00bb custom_padding=\u00bb80px||80px||true|false\u00bb global_colors_info=\u00bb{}\u00bb][et_pb_row _builder_version=\u00bb4.27.4&#8243; _module_preset=\u00bbdefault\u00bb global_colors_info=\u00bb{}\u00bb][et_pb_column type=\u00bb4_4&#8243; _builder_version=\u00bb4.27.4&#8243; _module_preset=\u00bbdefault\u00bb global_colors_info=\u00bb{}\u00bb][et_pb_text _builder_version=\u00bb4.27.4&#8243; _module_preset=\u00bbdefault\u00bb header_3_font=\u00bb|700|||||||\u00bb header_3_text_align=\u00bbleft\u00bb header_3_text_color=\u00bb#FFFFFF\u00bb header_3_font_size=\u00bb30px\u00bb header_3_line_height=\u00bb1.5em\u00bb custom_margin=\u00bb||||false|false\u00bb global_colors_info=\u00bb{}\u00bb]<\/p>\n<h3>Paquete de capacitaci\u00f3n y certificaci\u00f3n<\/h3>\n<p>[\/et_pb_text][et_pb_text _builder_version=\u00bb4.27.4&#8243; _module_preset=\u00bbdefault\u00bb text_text_color=\u00bb#FFFFFF\u00bb link_font=\u00bb||||on||||\u00bb link_text_color=\u00bb#FFFFFF\u00bb header_5_font=\u00bb|700|||||||\u00bb header_5_text_color=\u00bb#FFFFFF\u00bb header_5_font_size=\u00bb20px\u00bb header_5_line_height=\u00bb1.3em\u00bb global_colors_info=\u00bb{}\u00bb]<\/p>\n<p><strong>El proceso de certificaci\u00f3n se basa en la finalizaci\u00f3n exitosa del \u00abCurso Essentials of Salt Management\u00bb en los \u00faltimos cinco (5) a\u00f1os.<\/strong><\/p>\n<p>1. Cree una cuenta personal\/de miembro y compre la opci\u00f3n de membres\u00eda \u00abRegistro para obtener la certificaci\u00f3n\u00bb. El costo incluye el costo de la capacitaci\u00f3n con la solicitud. Si ya compr\u00f3 y complet\u00f3 el \u00abCurso Essentials of Salt Management\u00bb solo, cont\u00e1ctenos en <a href=\"mailto:contact@smartaboutsalt.com\" target=\"_blank\" rel=\"noopener\">contact@smartaboutsalt.com<\/a> para asegurarnos de que le proporcionemos un cr\u00e9dito por la parte de capacitaci\u00f3n de su solicitud. Esta oferta es v\u00e1lida por treinta (30) d\u00edas a partir de la fecha de finalizaci\u00f3n de su capacitaci\u00f3n.   <\/p>\n<p>2. Complete el formulario de <a href=\"\/wp-content\/uploads\/2025\/08\/Application-Certified-Contracting-Company-1.pdf\" target=\"_blank\" rel=\"noopener\">Solicitud de certificaci\u00f3n<\/a> para individuos o env\u00ede el <a href=\"\/wp-content\/uploads\/2025\/08\/Application-Certified-Site.pdf\" target=\"_blank\" rel=\"noopener\">Formulario de solicitud de designaci\u00f3n del sitio<\/a> para la certificaci\u00f3n del sitio. Se requiere el mismo formulario para la renovaci\u00f3n anual de la certificaci\u00f3n. <\/p>\n<p>[\/et_pb_text][\/et_pb_column][\/et_pb_row][\/et_pb_section][et_pb_section fb_built=\u00bb1&#8243; _builder_version=\u00bb4.27.4&#8243; _module_preset=\u00bbdefault\u00bb global_colors_info=\u00bb{}\u00bb][et_pb_row _builder_version=\u00bb4.27.4&#8243; _module_preset=\u00bbdefault\u00bb global_colors_info=\u00bb{}\u00bb][et_pb_column type=\u00bb4_4&#8243; _builder_version=\u00bb4.27.4&#8243; _module_preset=\u00bbdefault\u00bb global_colors_info=\u00bb{}\u00bb][et_pb_text _builder_version=\u00bb4.27.4&#8243; _module_preset=\u00bbdefault\u00bb header_3_font=\u00bb|700|||||||\u00bb header_3_text_align=\u00bbleft\u00bb header_3_text_color=\u00bb#000000&#8243; header_3_font_size=\u00bb30px\u00bb header_3_line_height=\u00bb1.5em\u00bb custom_margin=\u00bb||||false|false\u00bb global_colors_info=\u00bb{}\u00bb]<\/p>\n<h3>Registre su intenci\u00f3n de certificarse <\/h3>\n<p>[\/et_pb_text][et_pb_text _builder_version=\u00bb4.27.4&#8243; _module_preset=\u00bbdefault\u00bb text_text_color=\u00bb#000000&#8243; link_font=\u00bb||||on||||\u00bb link_text_color=\u00bb#FFFFFF\u00bb header_5_font=\u00bb|700|||||||\u00bb header_5_text_color=\u00bb#FFFFFF\u00bb header_5_font_size=\u00bb20px\u00bb header_5_line_height=\u00bb1.3em\u00bb global_colors_info=\u00bb{}\u00bb]Para registrar su intenci\u00f3n de obtener la certificaci\u00f3n, complete el proceso de membres\u00eda a continuaci\u00f3n. Recibir\u00e1 un correo electr\u00f3nico al aprobar su registro y el nombre de su empresa se publicar\u00e1 en el sitio web. Espere una semana para la aprobaci\u00f3n.[\/et_pb_text][\/et_pb_column][\/et_pb_row][\/et_pb_section]<\/p>\n","protected":false},"excerpt":{"rendered":"<p>Certificaci\u00f3nOfrecemos certificaci\u00f3n tanto para profesionales (privados y municipales) como para sitios de mantenimiento invernal. Para obtener la certificaci\u00f3n, debe presentar una solicitud y demostrar que ha cumplido con los est\u00e1ndares del Smart About Salt Council (SASC) completando con \u00e9xito la capacitaci\u00f3n galardonada \u00abEssentials of Salt Management\u00bb. Esto se puede hacer en l\u00ednea. Adem\u00e1s de la [&hellip;]<\/p>\n","protected":false},"author":1,"featured_media":0,"parent":0,"menu_order":0,"comment_status":"closed","ping_status":"closed","template":"","meta":{"_acf_changed":false,"_et_pb_use_builder":"on","_et_pb_old_content":"","_et_gb_content_width":"","footnotes":""},"dipi_cpt_category":[],"class_list":["post-879","page","type-page","status-publish","hentry"],"acf":[],"_links":{"self":[{"href":"https:\/\/dev2025.smartaboutsalt.com\/es\/wp-json\/wp\/v2\/pages\/879","targetHints":{"allow":["GET"]}}],"collection":[{"href":"https:\/\/dev2025.smartaboutsalt.com\/es\/wp-json\/wp\/v2\/pages"}],"about":[{"href":"https:\/\/dev2025.smartaboutsalt.com\/es\/wp-json\/wp\/v2\/types\/page"}],"author":[{"embeddable":true,"href":"https:\/\/dev2025.smartaboutsalt.com\/es\/wp-json\/wp\/v2\/users\/1"}],"replies":[{"embeddable":true,"href":"https:\/\/dev2025.smartaboutsalt.com\/es\/wp-json\/wp\/v2\/comments?post=879"}],"version-history":[{"count":3,"href":"https:\/\/dev2025.smartaboutsalt.com\/es\/wp-json\/wp\/v2\/pages\/879\/revisions"}],"predecessor-version":[{"id":910,"href":"https:\/\/dev2025.smartaboutsalt.com\/es\/wp-json\/wp\/v2\/pages\/879\/revisions\/910"}],"wp:attachment":[{"href":"https:\/\/dev2025.smartaboutsalt.com\/es\/wp-json\/wp\/v2\/media?parent=879"}],"wp:term":[{"taxonomy":"dipi_cpt_category","embeddable":true,"href":"https:\/\/dev2025.smartaboutsalt.com\/es\/wp-json\/wp\/v2\/dipi_cpt_category?post=879"}],"curies":[{"name":"wp","href":"https:\/\/api.w.org\/{rel}","templated":true}]}}