{"id":885,"date":"2025-08-04T21:52:30","date_gmt":"2025-08-05T01:52:30","guid":{"rendered":"https:\/\/dev2025.smartaboutsalt.com\/inicio\/"},"modified":"2025-09-11T04:24:37","modified_gmt":"2025-09-11T08:24:37","slug":"inicio","status":"publish","type":"page","link":"https:\/\/dev2025.smartaboutsalt.com\/es\/","title":{"rendered":"Inicio"},"content":{"rendered":"<p>[et_pb_section fb_built=\u00bb1&#8243; _builder_version=\u00bb4.27.4&#8243; _module_preset=\u00bbdefault\u00bb use_background_color_gradient=\u00bbon\u00bb background_color_gradient_stops=\u00bb#636363 0%|#ffffff 91%\u00bb background_image=\u00bbhttps:\/\/dev2025.smartaboutsalt.com\/wp-content\/uploads\/2025\/08\/Smart-Salt-Management-Program.webp\u00bb background_blend=\u00bbscreen\u00bb custom_padding=\u00bb100px||100px||true|false\u00bb global_colors_info=\u00bb{}\u00bb][et_pb_row _builder_version=\u00bb4.27.4&#8243; _module_preset=\u00bbdefault\u00bb width=\u00bb60%\u00bb width_tablet=\u00bb78%\u00bb width_phone=\u00bb79%\u00bb width_last_edited=\u00bbon|desktop\u00bb animation_style=\u00bbfade\u00bb global_colors_info=\u00bb{}\u00bb][et_pb_column type=\u00bb4_4&#8243; _builder_version=\u00bb4.27.4&#8243; _module_preset=\u00bbdefault\u00bb global_colors_info=\u00bb{}\u00bb][et_pb_text _builder_version=\u00bb4.27.4&#8243; _module_preset=\u00bbdefault\u00bb header_font=\u00bb|700|||||||\u00bb header_text_align=\u00bbcenter\u00bb header_text_color=\u00bb#017DC3&#8243; header_font_size=\u00bb60px\u00bb header_line_height=\u00bb1.1em\u00bb custom_margin=\u00bb||10px|||\u00bb header_font_size_tablet=\u00bb50px\u00bb header_font_size_phone=\u00bb36px\u00bb header_font_size_last_edited=\u00bbon|desktop\u00bb global_colors_info=\u00bb{}\u00bb]<\/p>\n<h1>Pr\u00e1cticas Smart Salt que protegen a las personas, la propiedad y el medio ambiente.<\/h1>\n<p>[\/et_pb_text][et_pb_text _builder_version=\u00bb4.27.4&#8243; _module_preset=\u00bbdefault\u00bb header_2_font=\u00bb|700|||||||\u00bb header_2_text_align=\u00bbcenter\u00bb header_2_font_size=\u00bb28px\u00bb header_2_line_height=\u00bb1.2em\u00bb header_2_font_size_tablet=\u00bb24px\u00bb header_2_font_size_phone=\u00bb18px\u00bb header_2_font_size_last_edited=\u00bbon|phone\u00bb global_colors_info=\u00bb{}\u00bb]<\/p>\n<h2>Capacitaci\u00f3n y certificaci\u00f3n comprobadas para que pueda mantenerse seguro, ahorrar dinero y destacarse como un profesional.<\/h2>\n<p>[\/et_pb_text][dipi_button_grid flex_direction=\u00bbrow\u00bb _builder_version=\u00bb4.27.4&#8243; _module_preset=\u00bbdefault\u00bb global_colors_info=\u00bb{}\u00bb][dipi_button_grid_child button_id=\u00bbBecome Certified\u00bb button_type=\u00bbdp_button\u00bb button_text=\u00bbObtenga la certificaci\u00f3n\u00bb button_link=\u00bb@ET-DC@eyJkeW5hbWljIjp0cnVlLCJjb250ZW50IjoicG9zdF9saW5rX3VybF9wYWdlIiwic2V0dGluZ3MiOnsicG9zdF9pZCI6IjUyNiJ9fQ==@\u00bb _builder_version=\u00bb4.27.4&#8243; _dynamic_attributes=\u00bbbutton_link\u00bb _module_preset=\u00bbdefault\u00bb custom_button=\u00bbon\u00bb button_text_color=\u00bb#FFFFFF\u00bb button_use_icon=\u00bboff\u00bb custom_margin=\u00bb|||0px|false|false\u00bb custom_margin_tablet=\u00bb|||0px|false|false\u00bb custom_margin_phone=\u00bb|||||true\u00bb custom_margin_last_edited=\u00bbon|phone\u00bb global_colors_info=\u00bb{}\u00bb][\/dipi_button_grid_child][dipi_button_grid_child button_id=\u00bbLearn About Training\u00bb button_type=\u00bbdp_button\u00bb button_text=\u00bbAprenda sobre la capacitaci\u00f3n\u00bb button_link=\u00bb@ET-DC@eyJkeW5hbWljIjp0cnVlLCJjb250ZW50IjoicG9zdF9saW5rX3VybF9wYWdlIiwic2V0dGluZ3MiOnsicG9zdF9pZCI6IjQ1MyJ9fQ==@\u00bb _builder_version=\u00bb4.27.4&#8243; _dynamic_attributes=\u00bbbutton_link\u00bb _module_preset=\u00bbdefault\u00bb custom_button=\u00bbon\u00bb button_bg_color=\u00bb#015082&#8243; button_use_icon=\u00bboff\u00bb custom_margin_tablet=\u00bb\u00bb custom_margin_phone=\u00bb|||0px|false|false\u00bb custom_margin_last_edited=\u00bbon|desktop\u00bb global_colors_info=\u00bb{}\u00bb button_bg_color__hover_enabled=\u00bbon|desktop\u00bb button_bg_color__hover=\u00bb#017DC3&#8243; button_bg_enable_color__hover=\u00bbon\u00bb][\/dipi_button_grid_child][\/dipi_button_grid][\/et_pb_column][\/et_pb_row][\/et_pb_section][et_pb_section fb_built=\u00bb1&#8243; _builder_version=\u00bb4.27.4&#8243; _module_preset=\u00bbdefault\u00bb custom_padding=\u00bb0px||||false|false\u00bb global_colors_info=\u00bb{}\u00bb][et_pb_row column_structure=\u00bb1_3,1_3,1_3&#8243; _builder_version=\u00bb4.27.4&#8243; _module_preset=\u00bbdefault\u00bb width=\u00bb55%\u00bb global_colors_info=\u00bb{}\u00bb][et_pb_column type=\u00bb1_3&#8243; _builder_version=\u00bb4.27.4&#8243; _module_preset=\u00bbdefault\u00bb global_colors_info=\u00bb{}\u00bb][et_pb_image src=\u00bbhttps:\/\/dev2025.smartaboutsalt.com\/wp-content\/uploads\/2025\/08\/slip.png\u00bb title_text=\u00bbresbal\u00f3n\u00bb align=\u00bbcenter\u00bb _builder_version=\u00bb4.27.4&#8243; _module_preset=\u00bbdefault\u00bb max_width=\u00bb50px\u00bb global_colors_info=\u00bb{}\u00bb][\/et_pb_image][et_pb_text _builder_version=\u00bb4.27.4&#8243; _module_preset=\u00bbdefault\u00bb header_4_text_align=\u00bbcenter\u00bb header_4_line_height=\u00bb1.3em\u00bb global_colors_info=\u00bb{}\u00bb]<\/p>\n<h4>Los costos de responsabilidad por resbalones y ca\u00eddas est\u00e1n aumentando.<\/h4>\n<p>[\/et_pb_text][\/et_pb_column][et_pb_column type=\u00bb1_3&#8243; _builder_version=\u00bb4.27.4&#8243; _module_preset=\u00bbdefault\u00bb global_colors_info=\u00bb{}\u00bb][et_pb_image src=\u00bbhttps:\/\/dev2025.smartaboutsalt.com\/wp-content\/uploads\/2025\/08\/building-and-road-damage.png\u00bb title_text=\u00bbda\u00f1os a edificios y carreteras\u00bb align=\u00bbcenter\u00bb _builder_version=\u00bb4.27.4&#8243; _module_preset=\u00bbdefault\u00bb max_width=\u00bb50px\u00bb global_colors_info=\u00bb{}\u00bb][\/et_pb_image][et_pb_text _builder_version=\u00bb4.27.4&#8243; _module_preset=\u00bbdefault\u00bb header_4_text_align=\u00bbcenter\u00bb header_4_line_height=\u00bb1.3em\u00bb global_colors_info=\u00bb{}\u00bb]<\/p>\n<h4>El uso excesivo de sal da\u00f1a las carreteras, los edificios y los veh\u00edculos.<\/h4>\n<p>[\/et_pb_text][\/et_pb_column][et_pb_column type=\u00bb1_3&#8243; _builder_version=\u00bb4.27.4&#8243; _module_preset=\u00bbdefault\u00bb global_colors_info=\u00bb{}\u00bb][et_pb_image src=\u00bbhttps:\/\/dev2025.smartaboutsalt.com\/wp-content\/uploads\/2025\/08\/environment-harm.png\u00bb title_text=\u00bbda\u00f1o al medio ambiente\u00bb align=\u00bbcenter\u00bb _builder_version=\u00bb4.27.4&#8243; _module_preset=\u00bbdefault\u00bb max_width=\u00bb50px\u00bb global_colors_info=\u00bb{}\u00bb][\/et_pb_image][et_pb_text _builder_version=\u00bb4.27.4&#8243; _module_preset=\u00bbdefault\u00bb header_4_text_align=\u00bbcenter\u00bb header_4_line_height=\u00bb1.3em\u00bb global_colors_info=\u00bb{}\u00bb]<\/p>\n<h4>Las comunidades enfrentan da\u00f1os ambientales a largo plazo.<\/h4>\n<p>[\/et_pb_text][\/et_pb_column][\/et_pb_row][et_pb_row _builder_version=\u00bb4.27.4&#8243; _module_preset=\u00bbdefault\u00bb animation_style=\u00bbslide\u00bb animation_direction=\u00bbbottom\u00bb animation_intensity_slide=\u00bb21%\u00bb global_colors_info=\u00bb{}\u00bb][et_pb_column type=\u00bb4_4&#8243; _builder_version=\u00bb4.27.4&#8243; _module_preset=\u00bbdefault\u00bb global_colors_info=\u00bb{}\u00bb][et_pb_text _builder_version=\u00bb4.27.4&#8243; _module_preset=\u00bbdefault\u00bb header_3_text_align=\u00bbcenter\u00bb header_3_text_color=\u00bb#017DC3&#8243; header_3_font_size=\u00bb28px\u00bb header_3_line_height=\u00bb1.3em\u00bb global_colors_info=\u00bb{}\u00bb]<\/p>\n<h3>Sin la capacitaci\u00f3n y certificaci\u00f3n adecuadas, corre el riesgo de <strong>mayores costos<\/strong>, <strong>mayor responsabilidad<\/strong> y <strong>da\u00f1o a la reputaci\u00f3n<\/strong>.<\/h3>\n<p>[\/et_pb_text][\/et_pb_column][\/et_pb_row][\/et_pb_section][et_pb_section fb_built=\u00bb1&#8243; _builder_version=\u00bb4.27.4&#8243; _module_preset=\u00bbdefault\u00bb background_color=\u00bb#01497c\u00bb background_image=\u00bbhttps:\/\/dev2025.smartaboutsalt.com\/wp-content\/uploads\/2025\/08\/winter-roads.webp\u00bb background_blend=\u00bbmultiply\u00bb custom_padding=\u00bb80px||80px||true|false\u00bb global_colors_info=\u00bb{}\u00bb][et_pb_row _builder_version=\u00bb4.27.4&#8243; _module_preset=\u00bbdefault\u00bb animation_style=\u00bbfade\u00bb global_colors_info=\u00bb{}\u00bb][et_pb_column type=\u00bb4_4&#8243; _builder_version=\u00bb4.27.4&#8243; _module_preset=\u00bbdefault\u00bb global_colors_info=\u00bb{}\u00bb][et_pb_text _builder_version=\u00bb4.27.4&#8243; _module_preset=\u00bbdefault\u00bb header_3_text_align=\u00bbcenter\u00bb header_3_text_color=\u00bb#FFFFFF\u00bb header_3_font_size=\u00bb30px\u00bb header_3_line_height=\u00bb1.5em\u00bb global_colors_info=\u00bb{}\u00bb]<\/p>\n<h3>El Smart About Salt Council ha sido reconocido en todo Canad\u00e1 por brindar capacitaci\u00f3n pr\u00e1ctica y basada en la ciencia durante m\u00e1s de una d\u00e9cada. Nuestro programa de certificaci\u00f3n es confiable para contratistas, administradores de instalaciones y municipios. <\/h3>\n<p>[\/et_pb_text][\/et_pb_column][\/et_pb_row][\/et_pb_section][et_pb_section fb_built=\u00bb1&#8243; _builder_version=\u00bb4.27.4&#8243; _module_preset=\u00bbdefault\u00bb custom_padding=\u00bb80px||80px||true|false\u00bb global_colors_info=\u00bb{}\u00bb][et_pb_row column_structure=\u00bb1_2,1_2&#8243; make_equal=\u00bbon\u00bb _builder_version=\u00bb4.27.4&#8243; _module_preset=\u00bbdefault\u00bb global_colors_info=\u00bb{}\u00bb][et_pb_column type=\u00bb1_2&#8243; _builder_version=\u00bb4.27.4&#8243; _module_preset=\u00bbdefault\u00bb custom_css_main_element=\u00bbmargin: auto;\u00bb global_colors_info=\u00bb{}\u00bb][et_pb_image src=\u00bbhttps:\/\/dev2025.smartaboutsalt.com\/wp-content\/uploads\/2025\/08\/snow-plough.webp\u00bb title_text=\u00bbquitanieves\u00bb _builder_version=\u00bb4.27.4&#8243; _module_preset=\u00bbdefault\u00bb global_colors_info=\u00bb{}\u00bb][\/et_pb_image][\/et_pb_column][et_pb_column type=\u00bb1_2&#8243; _builder_version=\u00bb4.27.4&#8243; _module_preset=\u00bbdefault\u00bb animation_style=\u00bbslide\u00bb animation_direction=\u00bbleft\u00bb animation_intensity_slide=\u00bb5%\u00bb custom_css_main_element=\u00bbmargin: auto;\u00bb global_colors_info=\u00bb{}\u00bb][et_pb_text _builder_version=\u00bb4.27.4&#8243; _module_preset=\u00bbdefault\u00bb header_font=\u00bb|600|||||||\u00bb header_2_font=\u00bb|700|||||||\u00bb header_2_text_align=\u00bbleft\u00bb header_2_text_color=\u00bb#017DC3&#8243; header_2_line_height=\u00bb1.2em\u00bb custom_margin=\u00bb||22px|||\u00bb header_2_font_size_tablet=\u00bb24px\u00bb header_2_font_size_phone=\u00bb18px\u00bb header_2_font_size_last_edited=\u00bbon|phone\u00bb global_colors_info=\u00bb{}\u00bb]<\/p>\n<h2>Es tan simple como:<\/h2>\n<p>[\/et_pb_text][et_pb_blurb title=\u00bbReg\u00edstrese para la capacitaci\u00f3n\u00bb use_icon=\u00bbon\u00bb font_icon=\u00bb&#x45;||divi||400&#8243; icon_color=\u00bb#017DC3&#8243; icon_placement=\u00bbleft\u00bb image_icon_width=\u00bb35px\u00bb _builder_version=\u00bb4.27.4&#8243; _module_preset=\u00bbdefault\u00bb header_level=\u00bbh5&#8243; header_font_size=\u00bb22px\u00bb image_icon_custom_margin=\u00bb-7px||||false|false\u00bb image_icon_custom_padding=\u00bb||0px||false|false\u00bb custom_margin=\u00bb||12px|||\u00bb global_colors_info=\u00bb{}\u00bb][\/et_pb_blurb][et_pb_blurb title=\u00bbComplete los requisitos de certificaci\u00f3n\u00bb use_icon=\u00bbon\u00bb font_icon=\u00bb&#x45;||divi||400&#8243; icon_color=\u00bb#017DC3&#8243; icon_placement=\u00bbleft\u00bb image_icon_width=\u00bb35px\u00bb _builder_version=\u00bb4.27.4&#8243; _module_preset=\u00bbdefault\u00bb header_level=\u00bbh5&#8243; header_font_size=\u00bb22px\u00bb image_icon_custom_margin=\u00bb-7px||||false|false\u00bb image_icon_custom_padding=\u00bb||0px||false|false\u00bb custom_margin=\u00bb||12px|||\u00bb global_colors_info=\u00bb{}\u00bb][\/et_pb_blurb][et_pb_blurb title=\u00bbDemuestre su compromiso profesional\u00bb use_icon=\u00bbon\u00bb font_icon=\u00bb&#x45;||divi||400&#8243; icon_color=\u00bb#017DC3&#8243; icon_placement=\u00bbleft\u00bb image_icon_width=\u00bb35px\u00bb _builder_version=\u00bb4.27.4&#8243; _module_preset=\u00bbdefault\u00bb header_level=\u00bbh5&#8243; header_font_size=\u00bb22px\u00bb image_icon_custom_margin=\u00bb-7px||||false|false\u00bb image_icon_custom_padding=\u00bb||0px||false|false\u00bb custom_margin=\u00bb||23px|||\u00bb global_colors_info=\u00bb{}\u00bb][\/et_pb_blurb][et_pb_button button_url=\u00bb@ET-DC@eyJkeW5hbWljIjp0cnVlLCJjb250ZW50IjoicG9zdF9saW5rX3VybF9wYWdlIiwic2V0dGluZ3MiOnsicG9zdF9pZCI6IjUyNiJ9fQ==@\u00bb button_text=\u00bbComience la certificaci\u00f3n hoy\u00bb _builder_version=\u00bb4.27.4&#8243; _dynamic_attributes=\u00bbbutton_url\u00bb _module_preset=\u00bbdefault\u00bb global_colors_info=\u00bb{}\u00bb][\/et_pb_button][\/et_pb_column][\/et_pb_row][\/et_pb_section][et_pb_section fb_built=\u00bb1&#8243; _builder_version=\u00bb4.27.4&#8243; _module_preset=\u00bbdefault\u00bb use_background_color_gradient=\u00bbon\u00bb background_color_gradient_direction=\u00bb194deg\u00bb background_color_gradient_stops=\u00bb#ffffff 0%|#f4f4f4 100%\u00bb custom_padding=\u00bb80px||80px||true|false\u00bb global_colors_info=\u00bb{}\u00bb][et_pb_row column_structure=\u00bb1_2,1_2&#8243; _builder_version=\u00bb4.27.4&#8243; _module_preset=\u00bbdefault\u00bb global_colors_info=\u00bb{}\u00bb][et_pb_column type=\u00bb1_2&#8243; _builder_version=\u00bb4.27.4&#8243; _module_preset=\u00bbdefault\u00bb global_colors_info=\u00bb{}\u00bb][et_pb_text _builder_version=\u00bb4.27.4&#8243; _module_preset=\u00bbdefault\u00bb header_2_font=\u00bb|800|||||||\u00bb header_2_text_align=\u00bbleft\u00bb header_2_text_color=\u00bb#017DC3&#8243; header_2_line_height=\u00bb1.2em\u00bb custom_margin=\u00bb||22px|||\u00bb header_2_font_size_tablet=\u00bb24px\u00bb header_2_font_size_phone=\u00bb18px\u00bb header_2_font_size_last_edited=\u00bbon|phone\u00bb global_colors_info=\u00bb{}\u00bb]<\/p>\n<h3>Con la certificaci\u00f3n:<\/h3>\n<p>[\/et_pb_text][et_pb_blurb title=\u00bbReduzca los costos de sal.\u00bb use_icon=\u00bbon\u00bb font_icon=\u00bb&#x52;||divi||400&#8243; icon_color=\u00bb#017DC3&#8243; icon_placement=\u00bbleft\u00bb image_icon_width=\u00bb26px\u00bb _builder_version=\u00bb4.27.4&#8243; _module_preset=\u00bbdefault\u00bb header_level=\u00bbh5&#8243; header_font=\u00bb|600|||||||\u00bb header_font_size=\u00bb20px\u00bb image_icon_custom_margin=\u00bb-3px||||false|false\u00bb image_icon_custom_padding=\u00bb||0px||false|false\u00bb custom_margin=\u00bb||12px|||\u00bb global_colors_info=\u00bb{}\u00bb][\/et_pb_blurb][et_pb_blurb title=\u00bbMenor responsabilidad. \u00bb use_icon=\u00bbon\u00bb font_icon=\u00bb&#x52;||divi||400&#8243; icon_color=\u00bb#017DC3&#8243; icon_placement=\u00bbleft\u00bb image_icon_width=\u00bb26px\u00bb _builder_version=\u00bb4.27.4&#8243; _module_preset=\u00bbdefault\u00bb header_level=\u00bbh5&#8243; header_font=\u00bb|600|||||||\u00bb header_font_size=\u00bb20px\u00bb image_icon_custom_margin=\u00bb-3px||||false|false\u00bb image_icon_custom_padding=\u00bb||0px||false|false\u00bb custom_margin=\u00bb||12px|||\u00bb global_colors_info=\u00bb{}\u00bb][\/et_pb_blurb][et_pb_blurb title=\u00bbObtenga descuentos en seguros.\u00bb use_icon=\u00bbon\u00bb font_icon=\u00bb&#x52;||divi||400&#8243; icon_color=\u00bb#017DC3&#8243; icon_placement=\u00bbleft\u00bb image_icon_width=\u00bb26px\u00bb _builder_version=\u00bb4.27.4&#8243; _module_preset=\u00bbdefault\u00bb header_level=\u00bbh5&#8243; header_font=\u00bb|600|||||||\u00bb header_font_size=\u00bb20px\u00bb image_icon_custom_margin=\u00bb-3px||||false|false\u00bb image_icon_custom_padding=\u00bb||0px||false|false\u00bb custom_margin=\u00bb||12px|||\u00bb global_colors_info=\u00bb{}\u00bb][\/et_pb_blurb][et_pb_blurb title=\u00bbGane m\u00e1s contratos.\u00bb use_icon=\u00bbon\u00bb font_icon=\u00bb&#x52;||divi||400&#8243; icon_color=\u00bb#017DC3&#8243; icon_placement=\u00bbleft\u00bb image_icon_width=\u00bb26px\u00bb _builder_version=\u00bb4.27.4&#8243; _module_preset=\u00bbdefault\u00bb header_level=\u00bbh5&#8243; header_font=\u00bb|600|||||||\u00bb header_font_size=\u00bb20px\u00bb image_icon_custom_margin=\u00bb-3px||||false|false\u00bb image_icon_custom_padding=\u00bb||0px||false|false\u00bb custom_margin=\u00bb||12px|||\u00bb global_colors_info=\u00bb{}\u00bb][\/et_pb_blurb][et_pb_blurb title=\u00bbMuestre a sus clientes y a la comunidad que est\u00e1 comprometido con la seguridad y la sostenibilidad.\u00bb use_icon=\u00bbon\u00bb font_icon=\u00bb&#x52;||divi||400&#8243; icon_color=\u00bb#017DC3&#8243; icon_placement=\u00bbleft\u00bb image_icon_width=\u00bb26px\u00bb _builder_version=\u00bb4.27.4&#8243; _module_preset=\u00bbdefault\u00bb header_level=\u00bbh5&#8243; header_font=\u00bb|600|||||||\u00bb header_font_size=\u00bb20px\u00bb image_icon_custom_margin=\u00bb-3px||||false|false\u00bb image_icon_custom_padding=\u00bb||0px||false|false\u00bb custom_margin=\u00bb||12px|||\u00bb global_colors_info=\u00bb{}\u00bb][\/et_pb_blurb][\/et_pb_column][et_pb_column type=\u00bb1_2&#8243; _builder_version=\u00bb4.27.4&#8243; _module_preset=\u00bbdefault\u00bb global_colors_info=\u00bb{}\u00bb][et_pb_text _builder_version=\u00bb4.27.4&#8243; _module_preset=\u00bbdefault\u00bb header_2_font=\u00bb|800|||||||\u00bb header_2_text_align=\u00bbleft\u00bb header_2_text_color=\u00bb#017DC3&#8243; header_2_line_height=\u00bb1.2em\u00bb custom_margin=\u00bb||22px|||\u00bb header_2_font_size_tablet=\u00bb24px\u00bb header_2_font_size_phone=\u00bb18px\u00bb header_2_font_size_last_edited=\u00bbon|phone\u00bb global_colors_info=\u00bb{}\u00bb]<\/p>\n<h3>Sin certificaci\u00f3n:<\/h3>\n<p>[\/et_pb_text][et_pb_blurb title=\u00bbMayores gastos.\u00bb use_icon=\u00bbon\u00bb font_icon=\u00bb&#x51;||divi||400&#8243; icon_color=\u00bb#8c0101&#8243; icon_placement=\u00bbleft\u00bb image_icon_width=\u00bb26px\u00bb _builder_version=\u00bb4.27.4&#8243; _module_preset=\u00bbdefault\u00bb header_level=\u00bbh5&#8243; header_font=\u00bb|600|||||||\u00bb header_font_size=\u00bb20px\u00bb image_icon_custom_margin=\u00bb-3px||||false|false\u00bb image_icon_custom_padding=\u00bb||0px||false|false\u00bb custom_margin=\u00bb||12px|||\u00bb global_colors_info=\u00bb{}\u00bb][\/et_pb_blurb][et_pb_blurb title=\u00bbMayores riesgos legales.\u00bb use_icon=\u00bbon\u00bb font_icon=\u00bb&#x51;||divi||400&#8243; icon_color=\u00bb#8c0101&#8243; icon_placement=\u00bbleft\u00bb image_icon_width=\u00bb26px\u00bb _builder_version=\u00bb4.27.4&#8243; _module_preset=\u00bbdefault\u00bb header_level=\u00bbh5&#8243; header_font=\u00bb|600|||||||\u00bb header_font_size=\u00bb20px\u00bb image_icon_custom_margin=\u00bb-3px||||false|false\u00bb image_icon_custom_padding=\u00bb||0px||false|false\u00bb custom_margin=\u00bb||12px|||\u00bb global_colors_info=\u00bb{}\u00bb][\/et_pb_blurb][et_pb_blurb title=\u00bbMenos oportunidades.\u00bb use_icon=\u00bbon\u00bb font_icon=\u00bb&#x51;||divi||400&#8243; icon_color=\u00bb#8c0101&#8243; icon_placement=\u00bbleft\u00bb image_icon_width=\u00bb26px\u00bb _builder_version=\u00bb4.27.4&#8243; _module_preset=\u00bbdefault\u00bb header_level=\u00bbh5&#8243; header_font=\u00bb|600|||||||\u00bb header_font_size=\u00bb20px\u00bb image_icon_custom_margin=\u00bb-3px||||false|false\u00bb image_icon_custom_padding=\u00bb||0px||false|false\u00bb custom_margin=\u00bb||12px|||\u00bb global_colors_info=\u00bb{}\u00bb][\/et_pb_blurb][\/et_pb_column][\/et_pb_row][et_pb_row _builder_version=\u00bb4.27.4&#8243; _module_preset=\u00bbdefault\u00bb global_colors_info=\u00bb{}\u00bb][et_pb_column type=\u00bb4_4&#8243; _builder_version=\u00bb4.27.4&#8243; _module_preset=\u00bbdefault\u00bb global_colors_info=\u00bb{}\u00bb][et_pb_button button_url=\u00bb@ET-DC@eyJkeW5hbWljIjp0cnVlLCJjb250ZW50IjoicG9zdF9saW5rX3VybF9wYWdlIiwic2V0dGluZ3MiOnsicG9zdF9pZCI6IjUyNiJ9fQ==@\u00bb button_text=\u00bbComience la certificaci\u00f3n hoy\u00bb button_alignment=\u00bbcenter\u00bb _builder_version=\u00bb4.27.4&#8243; _dynamic_attributes=\u00bbbutton_url\u00bb _module_preset=\u00bbdefault\u00bb global_colors_info=\u00bb{}\u00bb][\/et_pb_button][\/et_pb_column][\/et_pb_row][\/et_pb_section]<\/p>\n","protected":false},"excerpt":{"rendered":"<p>Pr\u00e1cticas Smart Salt que protegen a las personas, la propiedad y el medio ambiente.Capacitaci\u00f3n y certificaci\u00f3n comprobadas para que pueda mantenerse seguro, ahorrar dinero y destacarse como un profesional.<div class=\"et_pb_module dipi_button_grid dipi_button_grid_0\">\n\t\t\t\t\n\t\t\t\t\n\t\t\t\t\n\t\t\t\t\n\t\t\t\t\n\t\t\t\t\n\t\t\t\t<div class=\"et_pb_module_inner\">\n\t\t\t\t\t<div class=\"dipi-button-grid-container\">\n                \n            <\/div>\n\t\t\t\t<\/div>\n\t\t\t<\/div><div class=\"et_pb_module dipi_button_grid_child dipi_button_grid_child_0\">\n\t\t\t\t\n\t\t\t\t\n\t\t\t\t\n\t\t\t\t\n\t\t\t\t\n\t\t\t\t\n\t\t\t\t<div class=\"et_pb_module_inner\">\n\t\t\t\t\t<a class=\"et_pb_button dipi-button-grid dipi-button-wrap\" href=\"#\">Obtenga la certificaci\u00f3n<\/a>\n\t\t\t\t<\/div>\n\t\t\t<\/div><div class=\"et_pb_module dipi_button_grid_child dipi_button_grid_child_1\">\n\t\t\t\t\n\t\t\t\t\n\t\t\t\t\n\t\t\t\t\n\t\t\t\t\n\t\t\t\t\n\t\t\t\t<div class=\"et_pb_module_inner\">\n\t\t\t\t\t<div class=\"dipi-text-grid dipi-text-wrap\"><\/div>\n\t\t\t\t<\/div>\n\t\t\t<\/div><\/p>\n","protected":false},"author":1,"featured_media":0,"parent":0,"menu_order":0,"comment_status":"closed","ping_status":"closed","template":"","meta":{"_acf_changed":false,"_et_pb_use_builder":"on","_et_pb_old_content":"","_et_gb_content_width":"","footnotes":""},"dipi_cpt_category":[],"class_list":["post-885","page","type-page","status-publish","hentry"],"acf":[],"_links":{"self":[{"href":"https:\/\/dev2025.smartaboutsalt.com\/es\/wp-json\/wp\/v2\/pages\/885","targetHints":{"allow":["GET"]}}],"collection":[{"href":"https:\/\/dev2025.smartaboutsalt.com\/es\/wp-json\/wp\/v2\/pages"}],"about":[{"href":"https:\/\/dev2025.smartaboutsalt.com\/es\/wp-json\/wp\/v2\/types\/page"}],"author":[{"embeddable":true,"href":"https:\/\/dev2025.smartaboutsalt.com\/es\/wp-json\/wp\/v2\/users\/1"}],"replies":[{"embeddable":true,"href":"https:\/\/dev2025.smartaboutsalt.com\/es\/wp-json\/wp\/v2\/comments?post=885"}],"version-history":[{"count":4,"href":"https:\/\/dev2025.smartaboutsalt.com\/es\/wp-json\/wp\/v2\/pages\/885\/revisions"}],"predecessor-version":[{"id":1174,"href":"https:\/\/dev2025.smartaboutsalt.com\/es\/wp-json\/wp\/v2\/pages\/885\/revisions\/1174"}],"wp:attachment":[{"href":"https:\/\/dev2025.smartaboutsalt.com\/es\/wp-json\/wp\/v2\/media?parent=885"}],"wp:term":[{"taxonomy":"dipi_cpt_category","embeddable":true,"href":"https:\/\/dev2025.smartaboutsalt.com\/es\/wp-json\/wp\/v2\/dipi_cpt_category?post=885"}],"curies":[{"name":"wp","href":"https:\/\/api.w.org\/{rel}","templated":true}]}}