{"id":905,"date":"2025-08-27T08:18:41","date_gmt":"2025-08-27T12:18:41","guid":{"rendered":"https:\/\/dev2025.smartaboutsalt.com\/capacitacion\/"},"modified":"2025-09-09T17:42:21","modified_gmt":"2025-09-09T21:42:21","slug":"capacitacion","status":"publish","type":"page","link":"https:\/\/dev2025.smartaboutsalt.com\/es\/capacitacion\/","title":{"rendered":"Capacitaci\u00f3n"},"content":{"rendered":"<p>[et_pb_section fb_built=\u00bb1&#8243; _builder_version=\u00bb4.27.4&#8243; _module_preset=\u00bbdefault\u00bb use_background_color_gradient=\u00bbon\u00bb background_color_gradient_stops=\u00bb#a3a3a3 0%|#ffffff 90%\u00bb background_image=\u00bbhttps:\/\/dev2025.smartaboutsalt.com\/wp-content\/uploads\/2025\/08\/snow-plough.webp\u00bb background_position=\u00bbbottom_center\u00bb background_blend=\u00bbscreen\u00bb custom_padding=\u00bb70px||0px||false|false\u00bb hover_enabled=\u00bb0&#8243; global_colors_info=\u00bb{}\u00bb sticky_enabled=\u00bb0&#8243;][et_pb_row _builder_version=\u00bb4.27.4&#8243; _module_preset=\u00bbdefault\u00bb width=\u00bb60%\u00bb width_tablet=\u00bb78%\u00bb width_phone=\u00bb79%\u00bb width_last_edited=\u00bbon|desktop\u00bb animation_style=\u00bbfade\u00bb global_colors_info=\u00bb{}\u00bb][et_pb_column type=\u00bb4_4&#8243; _builder_version=\u00bb4.27.4&#8243; _module_preset=\u00bbdefault\u00bb global_colors_info=\u00bb{}\u00bb][et_pb_text _builder_version=\u00bb4.27.4&#8243; _module_preset=\u00bbdefault\u00bb header_font=\u00bb|700|||||||\u00bb header_text_align=\u00bbcenter\u00bb header_text_color=\u00bb#017DC3&#8243; header_font_size=\u00bb60px\u00bb header_line_height=\u00bb1.1em\u00bb custom_margin=\u00bb||10px|||\u00bb header_font_size_tablet=\u00bb50px\u00bb header_font_size_phone=\u00bb36px\u00bb header_font_size_last_edited=\u00bbon|desktop\u00bb global_colors_info=\u00bb{}\u00bb]<\/p>\n<h1>Capacitaci\u00f3n<\/h1>\n<p>[\/et_pb_text][\/et_pb_column][\/et_pb_row][\/et_pb_section][et_pb_section fb_built=\u00bb1&#8243; _builder_version=\u00bb4.27.4&#8243; _module_preset=\u00bbdefault\u00bb custom_padding=\u00bb0px||||false|false\u00bb global_colors_info=\u00bb{}\u00bb][et_pb_row _builder_version=\u00bb4.27.4&#8243; _module_preset=\u00bbdefault\u00bb global_colors_info=\u00bb{}\u00bb][et_pb_column type=\u00bb4_4&#8243; _builder_version=\u00bb4.27.4&#8243; _module_preset=\u00bbdefault\u00bb global_colors_info=\u00bb{}\u00bb][et_pb_text _builder_version=\u00bb4.27.4&#8243; _module_preset=\u00bbdefault\u00bb text_orientation=\u00bbcenter\u00bb global_colors_info=\u00bb{}\u00bb]<\/p>\n<p>Nuestros innovadores programas de capacitaci\u00f3n, completamente nuevos, les ense\u00f1ar\u00e1n a usted, a su personal y a sus colegas c\u00f3mo equilibrar eficazmente la seguridad invernal y la protecci\u00f3n del medio ambiente. Cuando aplique lo que aprenda en nuestra capacitaci\u00f3n, tendr\u00e1 las habilidades para ser m\u00e1s eficiente con su sal, junto con las herramientas para reducir su responsabilidad y los costos de mantenimiento.<\/p>\n<p>Ya sea que sea un profesional del mantenimiento invernal, propietario\/administrador de una instalaci\u00f3n o simplemente alguien interesado en el mantenimiento invernal, el Smart About Salt Council (SASC) ofrece programas de capacitaci\u00f3n galardonados que se basan en las mejores pr\u00e1cticas de gesti\u00f3n.<\/p>\n<p>[\/et_pb_text][et_pb_button button_url=\u00bb@ET-DC@eyJkeW5hbWljIjp0cnVlLCJjb250ZW50IjoicG9zdF9saW5rX3VybF9wYWdlIiwic2V0dGluZ3MiOnsicG9zdF9pZCI6IjUyNiIsImVuYWJsZV9odG1sIjoib2ZmIn19@\u00bb button_text=\u00bbComience la certificaci\u00f3n hoy\u00bb button_alignment=\u00bbcenter\u00bb _builder_version=\u00bb4.27.4&#8243; _dynamic_attributes=\u00bbbutton_url\u00bb _module_preset=\u00bbdefault\u00bb global_colors_info=\u00bb{}\u00bb][\/et_pb_button][\/et_pb_column][\/et_pb_row][\/et_pb_section][et_pb_section fb_built=\u00bb1&#8243; _builder_version=\u00bb4.27.4&#8243; _module_preset=\u00bbdefault\u00bb background_color=\u00bb#015082&#8243; background_enable_image=\u00bboff\u00bb background_blend=\u00bbmultiply\u00bb custom_padding=\u00bb80px||80px||true|false\u00bb global_colors_info=\u00bb{}\u00bb][et_pb_row _builder_version=\u00bb4.27.4&#8243; _module_preset=\u00bbdefault\u00bb animation_style=\u00bbfade\u00bb global_colors_info=\u00bb{}\u00bb][et_pb_column type=\u00bb4_4&#8243; _builder_version=\u00bb4.27.4&#8243; _module_preset=\u00bbdefault\u00bb global_colors_info=\u00bb{}\u00bb][et_pb_text _builder_version=\u00bb4.27.4&#8243; _module_preset=\u00bbdefault\u00bb header_3_text_align=\u00bbleft\u00bb header_3_text_color=\u00bb#FFFFFF\u00bb header_3_font_size=\u00bb30px\u00bb header_3_line_height=\u00bb1.5em\u00bb global_colors_info=\u00bb{}\u00bb]<\/p>\n<h3>Operadores\/Contratistas de mantenimiento invernal<\/h3>\n<p>[\/et_pb_text][\/et_pb_column][\/et_pb_row][et_pb_row column_structure=\u00bb1_2,1_2&#8243; _builder_version=\u00bb4.27.4&#8243; _module_preset=\u00bbdefault\u00bb global_colors_info=\u00bb{}\u00bb][et_pb_column type=\u00bb1_2&#8243; _builder_version=\u00bb4.27.4&#8243; _module_preset=\u00bbdefault\u00bb global_colors_info=\u00bb{}\u00bb][et_pb_text _builder_version=\u00bb4.27.4&#8243; _module_preset=\u00bbdefault\u00bb text_text_color=\u00bb#FFFFFF\u00bb header_5_font=\u00bb|700|||||||\u00bb header_5_text_color=\u00bb#FFFFFF\u00bb header_5_font_size=\u00bb20px\u00bb header_5_line_height=\u00bb1.3em\u00bb global_colors_info=\u00bb{}\u00bb]<\/p>\n<h5>Operador\/Contratista de mantenimiento invernal capacitado por Smart about Salt Council (SASC)<\/h5>\n<p>La capacitaci\u00f3n de Smart About Salt Council para operadores est\u00e1 disponible en l\u00ednea en ingl\u00e9s y franc\u00e9s o como un programa de un d\u00eda que incluye el examen en clase que proporciona una descripci\u00f3n general de los aspectos clave de la gesti\u00f3n de sal.<\/p>\n<p>Las lecciones cubren 14 m\u00f3dulos que incluyen la importancia de la calibraci\u00f3n de equipos, las t\u00e9cnicas de limpieza de nieve y los elementos comerciales importantes de la gesti\u00f3n de su riesgo.<\/p>\n<p>[\/et_pb_text][et_pb_button button_url=\u00bb\/wp-content\/uploads\/2025\/08\/Operator-Training.pdf\u00bb url_new_window=\u00bbon\u00bb button_text=\u00bbDescargue el esquema completo del curso aqu\u00ed\u00bb _builder_version=\u00bb4.27.4&#8243; _module_preset=\u00bbdefault\u00bb custom_button=\u00bbon\u00bb button_text_size=\u00bb15px\u00bb button_text_color=\u00bb#017DC3&#8243; button_bg_color=\u00bb#FFFFFF\u00bb button_use_icon=\u00bboff\u00bb global_colors_info=\u00bb{}\u00bb button_bg_color__hover_enabled=\u00bbon|hover\u00bb button_bg_color__hover=\u00bb#017DC3&#8243; button_bg_enable_color__hover=\u00bbon\u00bb button_text_color__hover_enabled=\u00bbon|desktop\u00bb button_text_color__hover=\u00bb#FFFFFF\u00bb][\/et_pb_button][et_pb_text _builder_version=\u00bb4.27.4&#8243; _module_preset=\u00bbdefault\u00bb text_text_color=\u00bb#FFFFFF\u00bb header_5_font=\u00bb|700|||||||\u00bb header_5_text_color=\u00bb#FFFFFF\u00bb header_5_font_size=\u00bb20px\u00bb header_5_line_height=\u00bb1.3em\u00bb global_colors_info=\u00bb{}\u00bb]<strong>Este programa de capacitaci\u00f3n ha sido desarrollado para:<\/strong><\/p>\n<ul>\n<li>Propietarios y personal que realizan operaciones de control de nieve y hielo;<\/li>\n<li>Propietarios y personal que son responsables de las decisiones de operaci\u00f3n y aplicaci\u00f3n; y,<\/li>\n<li>Proveedores de sales\/salmuera y otros materiales de deshielo o tracci\u00f3n.<\/li>\n<\/ul>\n<p>Convertirse en Smart About Salt ahora es un buen negocio para el futuro de su empresa. \u00a1Consulte nuestra lista de eventos a continuaci\u00f3n para encontrar una fecha de capacitaci\u00f3n para operadores cerca de usted y reg\u00edstrese ahora![\/et_pb_text][et_pb_button button_url=\u00bb@ET-DC@eyJkeW5hbWljIjp0cnVlLCJjb250ZW50IjoicG9zdF9saW5rX3VybF9wYWdlIiwic2V0dGluZ3MiOnsicG9zdF9pZCI6IjUyNiIsImVuYWJsZV9odG1sIjoib2ZmIn19@\u00bb button_text=\u00bbReg\u00edstrese ahora\u00bb _builder_version=\u00bb4.27.4&#8243; _dynamic_attributes=\u00bbbutton_url\u00bb _module_preset=\u00bbdefault\u00bb custom_button=\u00bbon\u00bb button_text_size=\u00bb15px\u00bb button_text_color=\u00bb#017DC3&#8243; button_bg_color=\u00bb#FFFFFF\u00bb button_use_icon=\u00bboff\u00bb global_colors_info=\u00bb{}\u00bb button_bg_color__hover_enabled=\u00bbon|hover\u00bb button_bg_color__hover=\u00bb#017DC3&#8243; button_bg_enable_color__hover=\u00bbon\u00bb button_text_color__hover_enabled=\u00bbon|desktop\u00bb button_text_color__hover=\u00bb#FFFFFF\u00bb][\/et_pb_button][\/et_pb_column][et_pb_column type=\u00bb1_2&#8243; _builder_version=\u00bb4.27.4&#8243; _module_preset=\u00bbdefault\u00bb global_colors_info=\u00bb{}\u00bb][et_pb_text _builder_version=\u00bb4.27.4&#8243; _module_preset=\u00bbdefault\u00bb text_text_color=\u00bb#FFFFFF\u00bb header_5_font=\u00bb|700|||||||\u00bb header_5_text_color=\u00bb#FFFFFF\u00bb header_5_font_size=\u00bb20px\u00bb header_5_line_height=\u00bb1.3em\u00bb global_colors_info=\u00bb{}\u00bb]<\/p>\n<h5>Capacitaci\u00f3n para propietarios\/operadores de instalaciones<\/h5>\n<p>La capacitaci\u00f3n de Smart About Salt para administradores de instalaciones es un programa de un d\u00eda que incluye el examen en clase que proporciona una descripci\u00f3n general de los aspectos clave de la gesti\u00f3n de sal.<\/p>\n<p>Las lecciones cubren 14 m\u00f3dulos que incluyen la ciencia de la sal, c\u00f3mo mejorar la seguridad en su sitio y c\u00f3mo gestionar su riesgo.[\/et_pb_text][et_pb_text _builder_version=\u00bb4.27.4&#8243; _module_preset=\u00bbdefault\u00bb text_text_color=\u00bb#FFFFFF\u00bb header_5_font=\u00bb|700|||||||\u00bb header_5_text_color=\u00bb#FFFFFF\u00bb header_5_font_size=\u00bb20px\u00bb header_5_line_height=\u00bb1.3em\u00bb global_colors_info=\u00bb{}\u00bb]<\/p>\n<p><strong>Este programa de capacitaci\u00f3n ha sido desarrollado para:<\/strong><\/p>\n<ul>\n<li>Supervisores de contratistas o personal que aplican sal alrededor de su instalaci\u00f3n<\/li>\n<li>Empleados responsables de los contratos de mantenimiento invernal en sus instalaciones<\/li>\n<\/ul>\n<p>Convertirse en Smart About Salt ahora es un buen negocio para el futuro de su empresa. \u00a1Consulte nuestra lista de eventos a continuaci\u00f3n para encontrar una fecha de capacitaci\u00f3n para administradores de instalaciones cerca de usted y reg\u00edstrese ahora!<\/p>\n<p>[\/et_pb_text][et_pb_button button_url=\u00bb@ET-DC@eyJkeW5hbWljIjp0cnVlLCJjb250ZW50IjoicG9zdF9saW5rX3VybF9wYWdlIiwic2V0dGluZ3MiOnsicG9zdF9pZCI6IjUyNiIsImVuYWJsZV9odG1sIjoib2ZmIn19@\u00bb button_text=\u00bbReg\u00edstrese ahora\u00bb _builder_version=\u00bb4.27.4&#8243; _dynamic_attributes=\u00bbbutton_url\u00bb _module_preset=\u00bbdefault\u00bb custom_button=\u00bbon\u00bb button_text_size=\u00bb15px\u00bb button_text_color=\u00bb#017DC3&#8243; button_bg_color=\u00bb#FFFFFF\u00bb button_use_icon=\u00bboff\u00bb global_colors_info=\u00bb{}\u00bb button_bg_color__hover_enabled=\u00bbon|hover\u00bb button_bg_color__hover=\u00bb#017DC3&#8243; button_bg_enable_color__hover=\u00bbon\u00bb button_text_color__hover_enabled=\u00bbon|desktop\u00bb button_text_color__hover=\u00bb#FFFFFF\u00bb][\/et_pb_button][\/et_pb_column][\/et_pb_row][\/et_pb_section][et_pb_section fb_built=\u00bb1&#8243; _builder_version=\u00bb4.27.4&#8243; _module_preset=\u00bbdefault\u00bb custom_padding=\u00bb100px||100px||true|false\u00bb global_colors_info=\u00bb{}\u00bb][et_pb_row _builder_version=\u00bb4.27.4&#8243; _module_preset=\u00bbdefault\u00bb global_colors_info=\u00bb{}\u00bb][et_pb_column type=\u00bb4_4&#8243; _builder_version=\u00bb4.27.4&#8243; _module_preset=\u00bbdefault\u00bb global_colors_info=\u00bb{}\u00bb][et_pb_text _builder_version=\u00bb4.27.4&#8243; _module_preset=\u00bbdefault\u00bb header_font=\u00bb|600|||||||\u00bb header_2_font=\u00bb|700|||||||\u00bb header_2_text_align=\u00bbcenter\u00bb header_2_text_color=\u00bb#017DC3&#8243; header_2_line_height=\u00bb1.2em\u00bb custom_margin=\u00bb||22px|||\u00bb header_2_font_size_tablet=\u00bb24px\u00bb header_2_font_size_phone=\u00bb18px\u00bb header_2_font_size_last_edited=\u00bbon|phone\u00bb global_colors_info=\u00bb{}\u00bb]<\/p>\n<h2>Nuestros entrenadores<\/h2>\n<p>[\/et_pb_text][\/et_pb_column][\/et_pb_row][et_pb_row column_structure=\u00bb1_2,1_2&#8243; _builder_version=\u00bb4.27.4&#8243; _module_preset=\u00bbdefault\u00bb global_colors_info=\u00bb{}\u00bb][et_pb_column type=\u00bb1_2&#8243; _builder_version=\u00bb4.27.4&#8243; _module_preset=\u00bbdefault\u00bb global_colors_info=\u00bb{}\u00bb][et_pb_image src=\u00bbhttps:\/\/dev2025.smartaboutsalt.com\/wp-content\/uploads\/2025\/08\/Paul.webp\u00bb title_text=\u00bbPaul\u00bb _builder_version=\u00bb4.27.4&#8243; _module_preset=\u00bbdefault\u00bb max_width=\u00bb200px\u00bb global_colors_info=\u00bb{}\u00bb][\/et_pb_image][et_pb_text _builder_version=\u00bb4.27.4&#8243; _module_preset=\u00bbdefault\u00bb global_colors_info=\u00bb{}\u00bb]<\/p>\n<h4>Paul Johnson<\/h4>\n<p>Paul fue el Gerente de Operaciones del Condado de Wellington, supervisando el mantenimiento invernal en las carreteras durante m\u00e1s de 30 a\u00f1os. Es uno de los autores del C\u00f3digo de Pr\u00e1ctica de Environment Canada para la Gesti\u00f3n Ambiental de Sales Viales, miembro fundador y ex presidente del Grupo de Gesti\u00f3n de Sal Vial de Ontario y Presidente del Comit\u00e9 de Capacitaci\u00f3n APWA que desarroll\u00f3 el Taller de Certificado de Supervisor de Mantenimiento Invernal. Paul ha estado educando a profesionales de la nieve y el hielo en todo el mundo sobre la gesti\u00f3n del control de la nieve y el hielo y le apasiona compartir su experiencia con contratistas como usted.<\/p>\n<p>[\/et_pb_text][\/et_pb_column][et_pb_column type=\u00bb1_2&#8243; _builder_version=\u00bb4.27.4&#8243; _module_preset=\u00bbdefault\u00bb global_colors_info=\u00bb{}\u00bb][et_pb_image src=\u00bbhttps:\/\/dev2025.smartaboutsalt.com\/wp-content\/uploads\/2025\/08\/Nicole.webp\u00bb title_text=\u00bbNicole\u00bb _builder_version=\u00bb4.27.4&#8243; _module_preset=\u00bbdefault\u00bb max_width=\u00bb200px\u00bb global_colors_info=\u00bb{}\u00bb][\/et_pb_image][et_pb_text _builder_version=\u00bb4.27.4&#8243; _module_preset=\u00bbdefault\u00bb global_colors_info=\u00bb{}\u00bb]<\/p>\n<h4>Nichole Ashton<\/h4>\n<p>Nichole aporta una experiencia significativa en la industria del mantenimiento invernal, m\u00e1s recientemente como capacitadora corporativa espec\u00edfica de la industria. Como parte de una ambici\u00f3n por promover mejores m\u00e9todos y pr\u00e1cticas operativas, Nichole ha alimentado su b\u00fasqueda de conocimiento y aprendizaje participando activamente en todos los aspectos de la industria, y es una participante habitual del Grupo de Nieve y Hielo para Landscape Ontario (LO), la Snow and Ice Management Association (SIMA), Snow and Ice Control on Parking Lots and Sidewalks (SICOPS) y otros grupos de inter\u00e9s y oportunidades de networking.[\/et_pb_text][\/et_pb_column][\/et_pb_row][\/et_pb_section]<\/p>\n","protected":false},"excerpt":{"rendered":"<p>Capacitaci\u00f3nNuestros innovadores programas de capacitaci\u00f3n, completamente nuevos, les ense\u00f1ar\u00e1n a usted, a su personal y a sus colegas c\u00f3mo equilibrar eficazmente la seguridad invernal y la protecci\u00f3n del medio ambiente. Cuando aplique lo que aprenda en nuestra capacitaci\u00f3n, tendr\u00e1 las habilidades para ser m\u00e1s eficiente con su sal, junto con las herramientas para reducir su [&hellip;]<\/p>\n","protected":false},"author":1,"featured_media":0,"parent":0,"menu_order":0,"comment_status":"closed","ping_status":"closed","template":"","meta":{"_acf_changed":false,"_et_pb_use_builder":"on","_et_pb_old_content":"","_et_gb_content_width":"","footnotes":""},"dipi_cpt_category":[],"class_list":["post-905","page","type-page","status-publish","hentry"],"acf":[],"_links":{"self":[{"href":"https:\/\/dev2025.smartaboutsalt.com\/es\/wp-json\/wp\/v2\/pages\/905","targetHints":{"allow":["GET"]}}],"collection":[{"href":"https:\/\/dev2025.smartaboutsalt.com\/es\/wp-json\/wp\/v2\/pages"}],"about":[{"href":"https:\/\/dev2025.smartaboutsalt.com\/es\/wp-json\/wp\/v2\/types\/page"}],"author":[{"embeddable":true,"href":"https:\/\/dev2025.smartaboutsalt.com\/es\/wp-json\/wp\/v2\/users\/1"}],"replies":[{"embeddable":true,"href":"https:\/\/dev2025.smartaboutsalt.com\/es\/wp-json\/wp\/v2\/comments?post=905"}],"version-history":[{"count":4,"href":"https:\/\/dev2025.smartaboutsalt.com\/es\/wp-json\/wp\/v2\/pages\/905\/revisions"}],"predecessor-version":[{"id":909,"href":"https:\/\/dev2025.smartaboutsalt.com\/es\/wp-json\/wp\/v2\/pages\/905\/revisions\/909"}],"wp:attachment":[{"href":"https:\/\/dev2025.smartaboutsalt.com\/es\/wp-json\/wp\/v2\/media?parent=905"}],"wp:term":[{"taxonomy":"dipi_cpt_category","embeddable":true,"href":"https:\/\/dev2025.smartaboutsalt.com\/es\/wp-json\/wp\/v2\/dipi_cpt_category?post=905"}],"curies":[{"name":"wp","href":"https:\/\/api.w.org\/{rel}","templated":true}]}}