{"id":832,"date":"2025-08-29T10:47:58","date_gmt":"2025-08-29T14:47:58","guid":{"rendered":"https:\/\/dev2025.smartaboutsalt.com\/a-propos\/"},"modified":"2025-09-09T17:33:58","modified_gmt":"2025-09-09T21:33:58","slug":"a-propos","status":"publish","type":"page","link":"https:\/\/dev2025.smartaboutsalt.com\/fr\/a-propos\/","title":{"rendered":"\u00c0 propos"},"content":{"rendered":"<p>[et_pb_section fb_built=\u00a0\u00bb1&Prime; _builder_version=\u00a0\u00bb4.27.4&Prime; _module_preset=\u00a0\u00bbdefault\u00a0\u00bb use_background_color_gradient=\u00a0\u00bbon\u00a0\u00bb background_color_gradient_stops=\u00a0\u00bb#a3a3a3 0%|#ffffff 90%\u00a0\u00bb background_image=\u00a0\u00bbhttps:\/\/dev2025.smartaboutsalt.com\/wp-content\/uploads\/2025\/08\/snow-plough.webp\u00a0\u00bb background_position=\u00a0\u00bbbottom_center\u00a0\u00bb background_blend=\u00a0\u00bbscreen\u00a0\u00bb custom_padding=\u00a0\u00bb70px||0px||false|false\u00a0\u00bb global_colors_info=\u00a0\u00bb{}\u00a0\u00bb][et_pb_row _builder_version=\u00a0\u00bb4.27.4&Prime; _module_preset=\u00a0\u00bbdefault\u00a0\u00bb width=\u00a0\u00bb60%\u00a0\u00bb width_tablet=\u00a0\u00bb78%\u00a0\u00bb width_phone=\u00a0\u00bb79%\u00a0\u00bb width_last_edited=\u00a0\u00bbon|desktop\u00a0\u00bb animation_style=\u00a0\u00bbfade\u00a0\u00bb global_colors_info=\u00a0\u00bb{}\u00a0\u00bb][et_pb_column type=\u00a0\u00bb4_4&Prime; _builder_version=\u00a0\u00bb4.27.4&Prime; _module_preset=\u00a0\u00bbdefault\u00a0\u00bb global_colors_info=\u00a0\u00bb{}\u00a0\u00bb][et_pb_text _builder_version=\u00a0\u00bb4.27.4&Prime; _module_preset=\u00a0\u00bbdefault\u00a0\u00bb header_font=\u00a0\u00bb|700|||||||\u00a0\u00bb header_text_align=\u00a0\u00bbcenter\u00a0\u00bb header_text_color=\u00a0\u00bb#017DC3&Prime; header_font_size=\u00a0\u00bb60px\u00a0\u00bb header_line_height=\u00a0\u00bb1.1em\u00a0\u00bb custom_margin=\u00a0\u00bb||10px|||\u00a0\u00bb hover_enabled=\u00a0\u00bb0&Prime; header_font_size_tablet=\u00a0\u00bb50px\u00a0\u00bb header_font_size_phone=\u00a0\u00bb36px\u00a0\u00bb header_font_size_last_edited=\u00a0\u00bbon|desktop\u00a0\u00bb global_colors_info=\u00a0\u00bb{}\u00a0\u00bb sticky_enabled=\u00a0\u00bb0&Prime;]<\/p>\n<h1>\u00c0 propos de nous<\/h1>\n<p>[\/et_pb_text][\/et_pb_column][\/et_pb_row][\/et_pb_section][et_pb_section fb_built=\u00a0\u00bb1&Prime; _builder_version=\u00a0\u00bb4.27.4&Prime; _module_preset=\u00a0\u00bbdefault\u00a0\u00bb custom_padding=\u00a0\u00bb0px||||false|false\u00a0\u00bb global_colors_info=\u00a0\u00bb{}\u00a0\u00bb][et_pb_row _builder_version=\u00a0\u00bb4.27.4&Prime; _module_preset=\u00a0\u00bbdefault\u00a0\u00bb global_colors_info=\u00a0\u00bb{}\u00a0\u00bb][et_pb_column type=\u00a0\u00bb4_4&Prime; _builder_version=\u00a0\u00bb4.27.4&Prime; _module_preset=\u00a0\u00bbdefault\u00a0\u00bb global_colors_info=\u00a0\u00bb{}\u00a0\u00bb][et_pb_text _builder_version=\u00a0\u00bb4.27.4&Prime; _module_preset=\u00a0\u00bbdefault\u00a0\u00bb text_orientation=\u00a0\u00bbcenter\u00a0\u00bb hover_enabled=\u00a0\u00bb0&Prime; global_colors_info=\u00a0\u00bb{}\u00a0\u00bb sticky_enabled=\u00a0\u00bb0&Prime;]Le Smart About Salt Council (SASC) est un organisme \u00e0 but non lucratif qui offre des formations pour am\u00e9liorer les pratiques de salage hivernal dans les installations et reconna\u00eet les leaders de l\u2019industrie par des certifications.[\/et_pb_text][\/et_pb_column][\/et_pb_row][et_pb_row _builder_version=\u00a0\u00bb4.27.4&Prime; _module_preset=\u00a0\u00bbdefault\u00a0\u00bb column_structure=\u00a0\u00bb1_4,1_4,1_4,1_4&Prime; hover_enabled=\u00a0\u00bb0&Prime; sticky_enabled=\u00a0\u00bb0&Prime;][et_pb_column _builder_version=\u00a0\u00bb4.27.4&Prime; _module_preset=\u00a0\u00bbdefault\u00a0\u00bb type=\u00a0\u00bb1_4&Prime;][et_pb_text _builder_version=\u00a0\u00bb4.27.4&Prime; _module_preset=\u00a0\u00bbdefault\u00a0\u00bb hover_enabled=\u00a0\u00bb0&Prime; global_colors_info=\u00a0\u00bb{}\u00a0\u00bb sticky_enabled=\u00a0\u00bb0&Prime; header_3_font=\u00a0\u00bb|700|||||||\u00a0\u00bb header_3_text_color=\u00a0\u00bb#017DC3&Prime;]<\/p>\n<h3>Notre mission<\/h3>\n<p>Pour prot\u00e9ger l\u2019eau douce du sel hivernal appliqu\u00e9 sur les installations.<\/p>\n<p>[\/et_pb_text][\/et_pb_column][et_pb_column _builder_version=\u00a0\u00bb4.27.4&Prime; _module_preset=\u00a0\u00bbdefault\u00a0\u00bb type=\u00a0\u00bb1_4&Prime;][et_pb_text _builder_version=\u00a0\u00bb4.27.4&Prime; _module_preset=\u00a0\u00bbdefault\u00a0\u00bb hover_enabled=\u00a0\u00bb0&Prime; global_colors_info=\u00a0\u00bb{}\u00a0\u00bb sticky_enabled=\u00a0\u00bb0&Prime; header_3_font=\u00a0\u00bb|700|||||||\u00a0\u00bb header_3_text_color=\u00a0\u00bb#017DC3&Prime;]<\/p>\n<h3>Notre vision<\/h3>\n<p>Toutes les installations ont \u00e9t\u00e9 con\u00e7ues et g\u00e9r\u00e9es professionnellement pour am\u00e9liorer la s\u00e9curit\u00e9 hivernale et r\u00e9duire la consommation de sel.[\/et_pb_text][\/et_pb_column][et_pb_column _builder_version=\u00a0\u00bb4.27.4&Prime; _module_preset=\u00a0\u00bbdefault\u00a0\u00bb type=\u00a0\u00bb1_4&Prime;][et_pb_text _builder_version=\u00a0\u00bb4.27.4&Prime; _module_preset=\u00a0\u00bbdefault\u00a0\u00bb hover_enabled=\u00a0\u00bb0&Prime; global_colors_info=\u00a0\u00bb{}\u00a0\u00bb sticky_enabled=\u00a0\u00bb0&Prime; header_3_font=\u00a0\u00bb|700|||||||\u00a0\u00bb header_3_text_color=\u00a0\u00bb#017DC3&Prime;]<\/p>\n<h3>Nos valeurs (3C)<\/h3>\n<p><strong>Collaboration :<\/strong> Nous croyons qu\u2019il y a de la force dans le nombre et qu\u2019ensemble, nous pouvons aborder les enjeux sociaux, \u00e9conomiques et environnementaux complexes li\u00e9s \u00e0 la s\u00e9curit\u00e9 hivernale.<\/p>\n<p><strong>Cr\u00e9dibilit\u00e9 :<\/strong> Nous reconnaissons que des normes claires, d\u00e9fendables et la transparence sont essentielles pour accomplir notre mission.<\/p>\n<p><strong>Am\u00e9lioration continue :<\/strong> Nous nous engageons \u00e0 am\u00e9liorer continuellement nos programmes et attendons la m\u00eame chose de nos membres.<\/p>\n<p>[\/et_pb_text][\/et_pb_column][et_pb_column _builder_version=\u00a0\u00bb4.27.4&Prime; _module_preset=\u00a0\u00bbdefault\u00a0\u00bb type=\u00a0\u00bb1_4&Prime;][et_pb_text _builder_version=\u00a0\u00bb4.27.4&Prime; _module_preset=\u00a0\u00bbdefault\u00a0\u00bb hover_enabled=\u00a0\u00bb0&Prime; global_colors_info=\u00a0\u00bb{}\u00a0\u00bb sticky_enabled=\u00a0\u00bb0&Prime; header_3_font=\u00a0\u00bb|700|||||||\u00a0\u00bb header_3_text_color=\u00a0\u00bb#017DC3&Prime;]<\/p>\n<h3>Nos objectifs (5P)<\/h3>\n<ul>\n<li><strong>Des programmes<\/strong> qui d\u00e9veloppent et reconnaissent les leaders de l\u2019industrie;<\/li>\n<li><strong>Des partenariats<\/strong> qui soutiennent notre mission et notre vision;<\/li>\n<li><strong>Des politiques<\/strong> qui am\u00e9liorent les normes de l\u2019industrie;<\/li>\n<li><strong>Des personnes<\/strong> inspir\u00e9es, engag\u00e9es et engag\u00e9es; et,<\/li>\n<li><strong>Performance<\/strong> mesurable et d\u00e9fendable.<\/li>\n<\/ul>\n<p>[\/et_pb_text][\/et_pb_column][\/et_pb_row][\/et_pb_section][et_pb_section fb_built=\u00a0\u00bb1&Prime; _builder_version=\u00a0\u00bb4.27.4&Prime; _module_preset=\u00a0\u00bbdefault\u00a0\u00bb background_color=\u00a0\u00bb#015082&Prime; background_enable_image=\u00a0\u00bboff\u00a0\u00bb background_blend=\u00a0\u00bbmultiply\u00a0\u00bb custom_padding=\u00a0\u00bb80px||80px||true|false\u00a0\u00bb global_colors_info=\u00a0\u00bb{}\u00a0\u00bb][et_pb_row _builder_version=\u00a0\u00bb4.27.4&Prime; _module_preset=\u00a0\u00bbdefault\u00a0\u00bb animation_style=\u00a0\u00bbfade\u00a0\u00bb global_colors_info=\u00a0\u00bb{}\u00a0\u00bb][et_pb_column type=\u00a0\u00bb4_4&Prime; _builder_version=\u00a0\u00bb4.27.4&Prime; _module_preset=\u00a0\u00bbdefault\u00a0\u00bb global_colors_info=\u00a0\u00bb{}\u00a0\u00bb][et_pb_text _builder_version=\u00a0\u00bb4.27.4&Prime; _module_preset=\u00a0\u00bbdefault\u00a0\u00bb header_3_text_align=\u00a0\u00bbleft\u00a0\u00bb header_3_text_color=\u00a0\u00bb#FFFFFF\u00a0\u00bb header_3_font_size=\u00a0\u00bb30px\u00a0\u00bb header_3_line_height=\u00a0\u00bb1.5em\u00a0\u00bb hover_enabled=\u00a0\u00bb0&Prime; global_colors_info=\u00a0\u00bb{}\u00a0\u00bb sticky_enabled=\u00a0\u00bb0&Prime; header_3_font=\u00a0\u00bb|700|||||||\u00a0\u00bb text_text_color=\u00a0\u00bb#FFFFFF\u00a0\u00bb]<\/p>\n<h3>Conseil d\u2019administration<\/h3>\n<p>Smart About Salt Council (SASC) est un organisme \u00e0 but non lucratif enregistr\u00e9 qui op\u00e8re partout en Am\u00e9rique du Nord. L\u2019organisation est en grande partie dirig\u00e9e par un conseil d\u2019administration b\u00e9n\u00e9vole.<\/p>\n<p>[\/et_pb_text][\/et_pb_column][\/et_pb_row][et_pb_row column_structure=\u00a0\u00bb1_2,1_2&Prime; _builder_version=\u00a0\u00bb4.27.4&Prime; _module_preset=\u00a0\u00bbdefault\u00a0\u00bb global_colors_info=\u00a0\u00bb{}\u00a0\u00bb][et_pb_column type=\u00a0\u00bb1_2&Prime; _builder_version=\u00a0\u00bb4.27.4&Prime; _module_preset=\u00a0\u00bbdefault\u00a0\u00bb global_colors_info=\u00a0\u00bb{}\u00a0\u00bb][et_pb_text _builder_version=\u00a0\u00bb4.27.4&Prime; _module_preset=\u00a0\u00bbdefault\u00a0\u00bb text_text_color=\u00a0\u00bb#FFFFFF\u00a0\u00bb header_5_font=\u00a0\u00bb|700|||||||\u00a0\u00bb header_5_text_color=\u00a0\u00bb#FFFFFF\u00a0\u00bb header_5_font_size=\u00a0\u00bb20px\u00a0\u00bb header_5_line_height=\u00a0\u00bb1.3em\u00a0\u00bb hover_enabled=\u00a0\u00bb0&Prime; global_colors_info=\u00a0\u00bb{}\u00a0\u00bb sticky_enabled=\u00a0\u00bb0&Prime;]<\/p>\n<h5>Pr\u00e9sident<\/h5>\n<p>Eric Hodgins, hydrog\u00e9ologue principal, secteur municipal<\/p>\n<h5>Secr\u00e9taire-tr\u00e9sorier<\/h5>\n<p>Tony DiGiovanni, repr\u00e9sentant de l\u2019association professionnelle, Landscape Ontario (LO)<\/p>\n<p>[\/et_pb_text][\/et_pb_column][et_pb_column type=\u00a0\u00bb1_2&Prime; _builder_version=\u00a0\u00bb4.27.4&Prime; _module_preset=\u00a0\u00bbdefault\u00a0\u00bb global_colors_info=\u00a0\u00bb{}\u00a0\u00bb][et_pb_text _builder_version=\u00a0\u00bb4.27.4&Prime; _module_preset=\u00a0\u00bbdefault\u00a0\u00bb text_text_color=\u00a0\u00bb#FFFFFF\u00a0\u00bb header_5_font=\u00a0\u00bb|700|||||||\u00a0\u00bb header_5_text_color=\u00a0\u00bb#FFFFFF\u00a0\u00bb header_5_font_size=\u00a0\u00bb20px\u00a0\u00bb header_5_line_height=\u00a0\u00bb1.3em\u00a0\u00bb hover_enabled=\u00a0\u00bb0&Prime; global_colors_info=\u00a0\u00bb{}\u00a0\u00bb sticky_enabled=\u00a0\u00bb0&Prime;]<\/p>\n<h5>Directeurs<\/h5>\n<p>Nichole Ashton, professionnelle de l\u2019entretien hivernal<br \/>J. Paul Johnson, expert en entretien des routes municipales<br \/>Claire Oswald, Recherche, secteur acad\u00e9mique<br \/>Luke Pallister, professionnel de la gestion des risques<br \/>Joe Salemi, repr\u00e9sentant professionnel de l\u2019association de l\u2019entretien hivernal (Landscape Ontario (LO))<br \/>Daniel Schissler, chercheur en maintenance hivernale \/ professionnel de la maintenance hivernale<br \/>Bill Thompson, gestionnaire int\u00e9gr\u00e9 du bassin versant, secteur de la conservation<\/p>\n<p>[\/et_pb_text][\/et_pb_column][\/et_pb_row][\/et_pb_section][et_pb_section fb_built=\u00a0\u00bb1&Prime; _builder_version=\u00a0\u00bb4.27.4&Prime; _module_preset=\u00a0\u00bbdefault\u00a0\u00bb custom_padding=\u00a0\u00bb100px||100px||true|false\u00a0\u00bb global_colors_info=\u00a0\u00bb{}\u00a0\u00bb][et_pb_row _builder_version=\u00a0\u00bb4.27.4&Prime; _module_preset=\u00a0\u00bbdefault\u00a0\u00bb global_colors_info=\u00a0\u00bb{}\u00a0\u00bb][et_pb_column type=\u00a0\u00bb4_4&Prime; _builder_version=\u00a0\u00bb4.27.4&Prime; _module_preset=\u00a0\u00bbdefault\u00a0\u00bb global_colors_info=\u00a0\u00bb{}\u00a0\u00bb][et_pb_text _builder_version=\u00a0\u00bb4.27.4&Prime; _module_preset=\u00a0\u00bbdefault\u00a0\u00bb header_font=\u00a0\u00bb|600|||||||\u00a0\u00bb header_2_font=\u00a0\u00bb|700|||||||\u00a0\u00bb header_2_text_align=\u00a0\u00bbcenter\u00a0\u00bb header_2_text_color=\u00a0\u00bb#017DC3&Prime; header_2_line_height=\u00a0\u00bb1.2em\u00a0\u00bb custom_margin=\u00a0\u00bb||22px|||\u00a0\u00bb hover_enabled=\u00a0\u00bb0&Prime; header_2_font_size_tablet=\u00a0\u00bb24px\u00a0\u00bb header_2_font_size_phone=\u00a0\u00bb18px\u00a0\u00bb header_2_font_size_last_edited=\u00a0\u00bbon|phone\u00a0\u00bb global_colors_info=\u00a0\u00bb{}\u00a0\u00bb sticky_enabled=\u00a0\u00bb0&Prime; text_orientation=\u00a0\u00bbcenter\u00a0\u00bb]<\/p>\n<h2>Prix<\/h2>\n<p>Quelques-uns des nombreux prix et distinctions re\u00e7us par le Smart About Salt Council<\/p>\n<p>[\/et_pb_text][\/et_pb_column][\/et_pb_row][et_pb_row _builder_version=\u00a0\u00bb4.27.4&Prime; _module_preset=\u00a0\u00bbdefault\u00a0\u00bb hover_enabled=\u00a0\u00bb0&Prime; global_colors_info=\u00a0\u00bb{}\u00a0\u00bb sticky_enabled=\u00a0\u00bb0&Prime;][et_pb_column type=\u00a0\u00bb4_4&Prime; _builder_version=\u00a0\u00bb4.27.4&Prime; _module_preset=\u00a0\u00bbdefault\u00a0\u00bb global_colors_info=\u00a0\u00bb{}\u00a0\u00bb][et_pb_text _builder_version=\u00a0\u00bb4.27.4&Prime; _module_preset=\u00a0\u00bbdefault\u00a0\u00bb hover_enabled=\u00a0\u00bb0&Prime; global_colors_info=\u00a0\u00bb{}\u00a0\u00bb sticky_enabled=\u00a0\u00bb0&Prime;]<\/p>\n<h5>Smart About Salt Council (SASC) re\u00e7oit le prix d\u2019\u00e9ducation de la Lake Simcoe Regional Conservation Authority<\/h5>\n<p>Le Conseil Smart About Salt a \u00e9t\u00e9 ravi de voir son programme Essentials of Salt Management reconnu par le prix d\u2019\u00e9ducation de la Lake Simcoe Regional Conservation Authority le 16 octobre 2015.<\/p>\n<p>Le pr\u00e9sident du conseil, Eric Hodgins, \u00e9tait pr\u00e9sent pour recevoir le prix et participer \u00e0 cette magnifique soir\u00e9e qui a reconnu des leaders environnementaux dans diverses cat\u00e9gories.<\/p>\n<p>&nbsp;<\/p>\n<h5>Association des parcs de l\u2019Ontario (OPA)<\/h5>\n<p>Le 9 janvier 2012, l\u2019Association des parcs de l\u2019Ontario a reconnu le Conseil Smart About Salt et la municipalit\u00e9 r\u00e9gionale de Waterloo avec son <strong>prix Prot\u00e9ger demain aujourd\u2019hui<\/strong>. Les prix ont \u00e9t\u00e9 remis lors du d\u00e9jeuner annuel de remise des prix de l\u2019OPA \u00e0 Toronto.<\/p>\n<p>Le prix a \u00e9t\u00e9 <em>d\u00e9cern\u00e9 \u00ab en reconnaissance de votre contribution significative \u00e0 l\u2019am\u00e9lioration de nos parcs et de l\u2019environnement en g\u00e9n\u00e9ral, par votre leadership dans la protection des syst\u00e8mes d\u2019eau souterrains et des cours d\u2019eau dans la province de l\u2019Ontario \u00bb.<\/em><\/p>\n<p>Le directeur ex\u00e9cutif du Conseil Smart About Salt a accept\u00e9 le prix au nom du Conseil. \u00ab Nous travaillons avec plusieurs services municipaux des parcs et autorit\u00e9s de conservation pour am\u00e9liorer les pratiques d\u2019entretien hivernal et r\u00e9duire les effets environnementaux d\u2019une utilisation excessive du sel. Nous sommes honor\u00e9s de recevoir un prix prestigieux \u00bb, a d\u00e9clar\u00e9 le directeur ex\u00e9cutif de la SASC.<\/p>\n<p>&nbsp;<\/p>\n<h5>Association des transports du Canada (TAC)<\/h5>\n<p>\u00c0 l\u2019automne 2010, le programme Smart About Salt a re\u00e7u le prestigieux prix de l\u2019Educational Achievement Award de l\u2019Association des transports du Canada \u00e0 Halifax, en Nouvelle-\u00c9cosse. Les candidats sont \u00e9valu\u00e9s sur la base de :<\/p>\n<ul>\n<li>Contribution \u00e0 l\u2019\u00e9ducation et \u00e0 la formation des personnes impliqu\u00e9es dans le programme;<\/li>\n<li>Le degr\u00e9 d\u2019innovation dans l\u2019approche et l\u2019ex\u00e9cution du programme;<\/li>\n<li>R\u00e9compense ou avantages obtenus; et<\/li>\n<li>Applicabilit\u00e9 globale \u00e0 l\u2019am\u00e9lioration des pratiques, \u00e0 de meilleures comp\u00e9tences et \u00e0 la communaut\u00e9 canadienne des transports dans son ensemble.<\/li>\n<\/ul>\n<p>Le prix reconna\u00eet la contribution de la municipalit\u00e9 r\u00e9gionale de Waterloo et de son consultant (Ecoplans Limited) au d\u00e9veloppement d\u2019un programme novateur qui collabore avec les entrepreneurs et les propri\u00e9taires d\u2019installations pour am\u00e9liorer la gestion du sel. En particulier, les programmes de formation et d\u2019\u00e9ducation ont \u00e9t\u00e9 reconnus.<\/p>\n<p>La photo montre le prix en train d\u2019\u00eatre accept\u00e9 par Bob Hodgins (\u00e0 gauche), ancien pr\u00e9sident d\u2019Ecoplans Ltd, co-concepteur du programme et ancien directeur ex\u00e9cutif du Smart About Salt Council; et John Hammer (\u00e0 droite), directeur des transports, r\u00e9gion de Waterloo. Le prix a \u00e9t\u00e9 remis par Ray Mantha, directeur ex\u00e9cutif et ing\u00e9nieur en chef, minist\u00e8re des Transports de l\u2019Ontario.<\/p>\n<p>[\/et_pb_text][\/et_pb_column][\/et_pb_row][\/et_pb_section]<\/p>\n","protected":false},"excerpt":{"rendered":"<p>\u00c0 propos de nousLe Smart About Salt Council (SASC) est un organisme \u00e0 but non lucratif qui offre des formations pour am\u00e9liorer les pratiques de salage hivernal dans les installations et reconna\u00eet les leaders de l\u2019industrie par des certifications.Notre mission Pour prot\u00e9ger l\u2019eau douce du sel hivernal appliqu\u00e9 sur les installations.Notre vision Toutes les installations [&hellip;]<\/p>\n","protected":false},"author":1,"featured_media":0,"parent":0,"menu_order":0,"comment_status":"closed","ping_status":"closed","template":"","meta":{"_acf_changed":false,"_et_pb_use_builder":"on","_et_pb_old_content":"","_et_gb_content_width":"","footnotes":""},"dipi_cpt_category":[],"class_list":["post-832","page","type-page","status-publish","hentry"],"acf":[],"_links":{"self":[{"href":"https:\/\/dev2025.smartaboutsalt.com\/fr\/wp-json\/wp\/v2\/pages\/832","targetHints":{"allow":["GET"]}}],"collection":[{"href":"https:\/\/dev2025.smartaboutsalt.com\/fr\/wp-json\/wp\/v2\/pages"}],"about":[{"href":"https:\/\/dev2025.smartaboutsalt.com\/fr\/wp-json\/wp\/v2\/types\/page"}],"author":[{"embeddable":true,"href":"https:\/\/dev2025.smartaboutsalt.com\/fr\/wp-json\/wp\/v2\/users\/1"}],"replies":[{"embeddable":true,"href":"https:\/\/dev2025.smartaboutsalt.com\/fr\/wp-json\/wp\/v2\/comments?post=832"}],"version-history":[{"count":2,"href":"https:\/\/dev2025.smartaboutsalt.com\/fr\/wp-json\/wp\/v2\/pages\/832\/revisions"}],"predecessor-version":[{"id":834,"href":"https:\/\/dev2025.smartaboutsalt.com\/fr\/wp-json\/wp\/v2\/pages\/832\/revisions\/834"}],"wp:attachment":[{"href":"https:\/\/dev2025.smartaboutsalt.com\/fr\/wp-json\/wp\/v2\/media?parent=832"}],"wp:term":[{"taxonomy":"dipi_cpt_category","embeddable":true,"href":"https:\/\/dev2025.smartaboutsalt.com\/fr\/wp-json\/wp\/v2\/dipi_cpt_category?post=832"}],"curies":[{"name":"wp","href":"https:\/\/api.w.org\/{rel}","templated":true}]}}