{"id":838,"date":"2025-08-27T09:40:50","date_gmt":"2025-08-27T13:40:50","guid":{"rendered":"https:\/\/dev2025.smartaboutsalt.com\/certification\/"},"modified":"2025-09-09T17:36:59","modified_gmt":"2025-09-09T21:36:59","slug":"certification","status":"publish","type":"page","link":"https:\/\/dev2025.smartaboutsalt.com\/fr\/certification\/","title":{"rendered":"Certification"},"content":{"rendered":"<p>[et_pb_section fb_built=\u00a0\u00bb1&Prime; _builder_version=\u00a0\u00bb4.27.4&Prime; _module_preset=\u00a0\u00bbdefault\u00a0\u00bb use_background_color_gradient=\u00a0\u00bbon\u00a0\u00bb background_color_gradient_stops=\u00a0\u00bb#a3a3a3 0%|#ffffff 90%\u00a0\u00bb background_image=\u00a0\u00bbhttps:\/\/dev2025.smartaboutsalt.com\/wp-content\/uploads\/2025\/08\/snow-plough.webp\u00a0\u00bb background_position=\u00a0\u00bbbottom_center\u00a0\u00bb background_blend=\u00a0\u00bbscreen\u00a0\u00bb custom_padding=\u00a0\u00bb70px||0px||false|false\u00a0\u00bb hover_enabled=\u00a0\u00bb0&Prime; global_colors_info=\u00a0\u00bb{}\u00a0\u00bb sticky_enabled=\u00a0\u00bb0&Prime;][et_pb_row _builder_version=\u00a0\u00bb4.27.4&Prime; _module_preset=\u00a0\u00bbdefault\u00a0\u00bb width=\u00a0\u00bb60%\u00a0\u00bb width_tablet=\u00a0\u00bb78%\u00a0\u00bb width_phone=\u00a0\u00bb79%\u00a0\u00bb width_last_edited=\u00a0\u00bbon|desktop\u00a0\u00bb animation_style=\u00a0\u00bbfade\u00a0\u00bb global_colors_info=\u00a0\u00bb{}\u00a0\u00bb][et_pb_column type=\u00a0\u00bb4_4&Prime; _builder_version=\u00a0\u00bb4.27.4&Prime; _module_preset=\u00a0\u00bbdefault\u00a0\u00bb global_colors_info=\u00a0\u00bb{}\u00a0\u00bb][et_pb_text _builder_version=\u00a0\u00bb4.27.4&Prime; _module_preset=\u00a0\u00bbdefault\u00a0\u00bb header_font=\u00a0\u00bb|700|||||||\u00a0\u00bb header_text_align=\u00a0\u00bbcenter\u00a0\u00bb header_text_color=\u00a0\u00bb#017DC3&Prime; header_font_size=\u00a0\u00bb60px\u00a0\u00bb header_line_height=\u00a0\u00bb1.1em\u00a0\u00bb custom_margin=\u00a0\u00bb||10px|||\u00a0\u00bb header_font_size_tablet=\u00a0\u00bb50px\u00a0\u00bb header_font_size_phone=\u00a0\u00bb36px\u00a0\u00bb header_font_size_last_edited=\u00a0\u00bbon|desktop\u00a0\u00bb global_colors_info=\u00a0\u00bb{}\u00a0\u00bb]<\/p>\n<h1>Certification<\/h1>\n<p>[\/et_pb_text][\/et_pb_column][\/et_pb_row][\/et_pb_section][et_pb_section fb_built=\u00a0\u00bb1&Prime; _builder_version=\u00a0\u00bb4.27.4&Prime; _module_preset=\u00a0\u00bbdefault\u00a0\u00bb custom_padding=\u00a0\u00bb0px||||false|false\u00a0\u00bb global_colors_info=\u00a0\u00bb{}\u00a0\u00bb][et_pb_row _builder_version=\u00a0\u00bb4.27.4&Prime; _module_preset=\u00a0\u00bbdefault\u00a0\u00bb global_colors_info=\u00a0\u00bb{}\u00a0\u00bb][et_pb_column type=\u00a0\u00bb4_4&Prime; _builder_version=\u00a0\u00bb4.27.4&Prime; _module_preset=\u00a0\u00bbdefault\u00a0\u00bb global_colors_info=\u00a0\u00bb{}\u00a0\u00bb][et_pb_text _builder_version=\u00a0\u00bb4.27.4&Prime; _module_preset=\u00a0\u00bbdefault\u00a0\u00bb text_orientation=\u00a0\u00bbcenter\u00a0\u00bb global_colors_info=\u00a0\u00bb{}\u00a0\u00bb]Nous offrons des certifications tant pour les professionnels de l\u2019entretien hivernal (priv\u00e9s et municipaux) que pour les sites.<\/p>\n<p>Pour obtenir la certification, vous devez postuler et d\u00e9montrer que vous avez respect\u00e9 les normes du Smart About Salt Council (SASC) en compl\u00e9tant avec succ\u00e8s la formation prim\u00e9e \u00ab Essentials of Salt Management \u00bb. Cela peut se faire en ligne. En plus de la formation, les nouvelles demandes de certification doivent \u00eatre accompagn\u00e9es d\u2019un formulaire de demande pr\u00e9cis et d\u2019une auto-\u00e9valuation.  <\/p>\n<p>Pour maintenir la certification, un rapport annuel est requis et des v\u00e9rifications al\u00e9atoires du programme peuvent \u00eatre effectu\u00e9es afin de v\u00e9rifier la conformit\u00e9 aux normes SASC.[\/et_pb_text][et_pb_text _builder_version=\u00a0\u00bb4.27.4&Prime; _module_preset=\u00a0\u00bbdefault\u00a0\u00bb text_text_color=\u00a0\u00bb#017DC3&Prime; text_font_size=\u00a0\u00bb14px\u00a0\u00bb link_font=\u00a0\u00bb||||on||||\u00a0\u00bb link_text_color=\u00a0\u00bb#017DC3&Prime; text_orientation=\u00a0\u00bbcenter\u00a0\u00bb global_colors_info=\u00a0\u00bb{}\u00a0\u00bb]<\/p>\n<p>Veuillez noter que nous offrons \u00e9galement de la formation et une accr\u00e9ditation individuelle pour vous et votre personnel.<br \/><a href=\"https:\/\/dev2025.smartaboutsalt.com\/fr\/formation\/\">Apprenez-en plus sur notre programme de formation Smart About Salt Essentials.<\/a><\/p>\n<p>[\/et_pb_text][\/et_pb_column][\/et_pb_row][\/et_pb_section][et_pb_section fb_built=\u00a0\u00bb1&Prime; _builder_version=\u00a0\u00bb4.27.4&Prime; _module_preset=\u00a0\u00bbdefault\u00a0\u00bb custom_padding=\u00a0\u00bb0px||100px||false|false\u00a0\u00bb global_colors_info=\u00a0\u00bb{}\u00a0\u00bb][et_pb_row column_structure=\u00a0\u00bb1_2,1_2&Prime; _builder_version=\u00a0\u00bb4.27.4&Prime; _module_preset=\u00a0\u00bbdefault\u00a0\u00bb global_colors_info=\u00a0\u00bb{}\u00a0\u00bb][et_pb_column type=\u00a0\u00bb1_2&Prime; _builder_version=\u00a0\u00bb4.27.4&Prime; _module_preset=\u00a0\u00bbdefault\u00a0\u00bb global_colors_info=\u00a0\u00bb{}\u00a0\u00bb][et_pb_image src=\u00a0\u00bbhttps:\/\/dev2025.smartaboutsalt.com\/wp-content\/uploads\/2025\/08\/truck_banner.png\u00a0\u00bb title_text=\u00a0\u00bbtruck_banner\u00a0\u00bb _builder_version=\u00a0\u00bb4.27.4&Prime; _module_preset=\u00a0\u00bbdefault\u00a0\u00bb global_colors_info=\u00a0\u00bb{}\u00a0\u00bb][\/et_pb_image][et_pb_text _builder_version=\u00a0\u00bb4.27.4&Prime; _module_preset=\u00a0\u00bbdefault\u00a0\u00bb header_4_font=\u00a0\u00bb|700|||||||\u00a0\u00bb header_4_text_color=\u00a0\u00bb#017DC3&Prime; global_colors_info=\u00a0\u00bb{}\u00a0\u00bb]<\/p>\n<h4>Entrepreneur certifi\u00e9<\/h4>\n<p>Un entrepreneur certifi\u00e9 est une entreprise de sous-traitance de neige et de glace qui r\u00e9pond aux crit\u00e8res du Smart About Salt Council (SASC). En partie, cela signifie que la r\u00e9ussite du cours \u00ab Essentiels de la gestion du sel \u00bb est d\u00e9finie comme compl\u00e9t\u00e9e au cours des cinq (5) derni\u00e8res ann\u00e9es. <\/p>\n<p>Veuillez noter qu\u2019un op\u00e9rateur form\u00e9, une personne ayant r\u00e9ussi le test de formation \u00ab Essentials of Salt Management \u00bb du Smart About Salt Council, n\u2019est pas consid\u00e9r\u00e9 comme un entrepreneur certifi\u00e9.<\/p>\n<p>[\/et_pb_text][et_pb_text _builder_version=\u00a0\u00bb4.27.4&Prime; _module_preset=\u00a0\u00bbdefault\u00a0\u00bb link_font=\u00a0\u00bb||||on||||\u00a0\u00bb link_text_color=\u00a0\u00bb#017DC3&Prime; header_5_font=\u00a0\u00bb|700|||||||\u00a0\u00bb header_5_font_size=\u00a0\u00bb19px\u00a0\u00bb background_color=\u00a0\u00bb#F4F4F4&Prime; custom_padding=\u00a0\u00bb30px|30px|20px|30px|false|true\u00a0\u00bb global_colors_info=\u00a0\u00bb{}\u00a0\u00bb]<\/p>\n<h5>Processus de candidature<\/h5>\n<ol>\n<li>Enregistrer l\u2019intention de certifier (optionnel)<\/li>\n<li>Lisez le <a href=\"\/wp-content\/uploads\/2025\/08\/Contractor-Designation-Guide.pdf\" target=\"_blank\" rel=\"noopener\">Guide de d\u00e9signation des entrepreneurs<\/a><\/li>\n<li>Compl\u00e9tez les <a href=\"\/wp-content\/uploads\/2025\/08\/Self-Assessment-Operations-Worksheets.pdf\" target=\"_blank\" rel=\"noopener\">feuilles d\u2019auto\u00e9valuation<\/a><\/li>\n<li>Soumettez la <a href=\"\/wp-content\/uploads\/2025\/08\/Application-Certified-Contracting-Company.pdf\" target=\"_blank\" rel=\"noopener\">demande de certification et le renouvellement annuel<\/a><\/li>\n<\/ol>\n<p>[\/et_pb_text][et_pb_text _builder_version=\u00a0\u00bb4.27.4&Prime; _module_preset=\u00a0\u00bbdefault\u00a0\u00bb link_font=\u00a0\u00bb||||on||||\u00a0\u00bb link_text_color=\u00a0\u00bb#017DC3&Prime; header_5_font=\u00a0\u00bb|700|||||||\u00a0\u00bb header_5_font_size=\u00a0\u00bb19px\u00a0\u00bb background_enable_color=\u00a0\u00bboff\u00a0\u00bb custom_padding=\u00a0\u00bb||||false|false\u00a0\u00bb global_colors_info=\u00a0\u00bb{}\u00a0\u00bb]<\/p>\n<h5>Avantages<\/h5>\n<ul>\n<li>Diff\u00e9renciez-vous de \u00ab la concurrence \u00bb et montrez votre professionnalisme;<\/li>\n<li>R\u00e9duisez vos co\u00fbts d\u2019exploitation neige et glace;<\/li>\n<li><strong>\u00catre admissible \u00e0 des rabais sur les primes d\u2019assurance;<\/strong><\/li>\n<li>D\u00e9montrez votre engagement envers la gestion responsable de l\u2019environnement;<\/li>\n<li>Se qualifier pour des contrats clients participants; et,<\/li>\n<li>Am\u00e9liorez la s\u00e9curit\u00e9 de vos clients.<\/li>\n<\/ul>\n<p>[\/et_pb_text][\/et_pb_column][et_pb_column type=\u00a0\u00bb1_2&Prime; _builder_version=\u00a0\u00bb4.27.4&Prime; _module_preset=\u00a0\u00bbdefault\u00a0\u00bb global_colors_info=\u00a0\u00bb{}\u00a0\u00bb][et_pb_image src=\u00a0\u00bbhttps:\/\/dev2025.smartaboutsalt.com\/wp-content\/uploads\/2025\/08\/parkinglot_banner.png\u00a0\u00bb title_text=\u00a0\u00bbparkinglot_banner\u00a0\u00bb _builder_version=\u00a0\u00bb4.27.4&Prime; _module_preset=\u00a0\u00bbdefault\u00a0\u00bb global_colors_info=\u00a0\u00bb{}\u00a0\u00bb][\/et_pb_image][et_pb_text _builder_version=\u00a0\u00bb4.27.4&Prime; _module_preset=\u00a0\u00bbdefault\u00a0\u00bb header_4_font=\u00a0\u00bb|700|||||||\u00a0\u00bb header_4_text_color=\u00a0\u00bb#017DC3&Prime; global_colors_info=\u00a0\u00bb{}\u00a0\u00bb]<\/p>\n<h4>Site certifi\u00e9<\/h4>\n<p>Un site certifi\u00e9 est une propri\u00e9t\u00e9 qui r\u00e9pond aux crit\u00e8res de d\u00e9signation du Smart About Salt Council (SASC).[\/et_pb_text][et_pb_text _builder_version=\u00a0\u00bb4.27.4&Prime; _module_preset=\u00a0\u00bbdefault\u00a0\u00bb link_font=\u00a0\u00bb||||on||||\u00a0\u00bb link_text_color=\u00a0\u00bb#017DC3&Prime; header_5_font=\u00a0\u00bb|700|||||||\u00a0\u00bb header_5_font_size=\u00a0\u00bb19px\u00a0\u00bb background_color=\u00a0\u00bb#F4F4F4&Prime; custom_padding=\u00a0\u00bb30px|30px|20px|30px|false|true\u00a0\u00bb global_colors_info=\u00a0\u00bb{}\u00a0\u00bb]<\/p>\n<h5>Processus de candidature<\/h5>\n<ol>\n<li>Consultez le <a href=\"\/uploads\/2025\/08\/Site-Designation-Guide.pdf\" target=\"_blank\" rel=\"noopener\">Guide de d\u00e9signation des sites<\/a><\/li>\n<li>Compl\u00e9tez la <a href=\"\/wp-content\/uploads\/2025\/08\/Self-Assessment-Site-Worksheet.pdf\" target=\"_blank\" rel=\"noopener\">fiche d\u2019auto-\u00e9valuation du site<\/a><\/li>\n<li>Soumettez le <a href=\"\/wp-content\/uploads\/2025\/08\/Site-Certification-Application-and-Renewal-Form.pdf\" target=\"_blank\" rel=\"noopener\">formulaire de demande de d\u00e9signation de site<\/a><\/li>\n<\/ol>\n<p>[\/et_pb_text][et_pb_text _builder_version=\u00a0\u00bb4.27.4&Prime; _module_preset=\u00a0\u00bbdefault\u00a0\u00bb link_font=\u00a0\u00bb||||on||||\u00a0\u00bb link_text_color=\u00a0\u00bb#017DC3&Prime; header_5_font=\u00a0\u00bb|700|||||||\u00a0\u00bb header_5_font_size=\u00a0\u00bb19px\u00a0\u00bb background_enable_color=\u00a0\u00bboff\u00a0\u00bb custom_padding=\u00a0\u00bb||||false|false\u00a0\u00bb global_colors_info=\u00a0\u00bb{}\u00a0\u00bb]<\/p>\n<h5>Sites admissibles<\/h5>\n<ul>\n<li>Propri\u00e9t\u00e9s institutionnelles telles que le gouvernement ou les \u00e9coles<\/li>\n<li>Immeubles r\u00e9sidentiels \u00e0 logements multiples tels que des condominiums, des appartements et des complexes de maisons en rang\u00e9e<\/li>\n<li>Des propri\u00e9t\u00e9s industrielles et commerciales telles que des centres commerciaux, de grandes usines, des ar\u00e9nas et des complexes industriels l\u00e9gers<\/li>\n<\/ul>\n<p>[\/et_pb_text][et_pb_text _builder_version=\u00a0\u00bb4.27.4&Prime; _module_preset=\u00a0\u00bbdefault\u00a0\u00bb link_font=\u00a0\u00bb||||on||||\u00a0\u00bb link_text_color=\u00a0\u00bb#017DC3&Prime; header_5_font=\u00a0\u00bb|700|||||||\u00a0\u00bb header_5_font_size=\u00a0\u00bb19px\u00a0\u00bb background_enable_color=\u00a0\u00bboff\u00a0\u00bb custom_padding=\u00a0\u00bb||||false|false\u00a0\u00bb global_colors_info=\u00a0\u00bb{}\u00a0\u00bb]<\/p>\n<h5>Avantages<\/h5>\n<ul>\n<li>R\u00e9duisez vos co\u00fbts de gestion du sel hivernal;<\/li>\n<li><strong>\u00catre admissible \u00e0 des rabais sur les primes d\u2019assurance;<\/strong><\/li>\n<li>R\u00e9duire les dommages aux infrastructures aux briques, portes et trottoirs;<\/li>\n<li>R\u00e9duire les dommages aux biens du client sans compromettre leur s\u00e9curit\u00e9;<\/li>\n<li>D\u00e9montrez votre engagement envers la gestion responsable de l\u2019environnement; et,<\/li>\n<li><strong>Des cr\u00e9dits pour les eaux pluviales sont offerts aux sites certifi\u00e9s SAS dans certaines municipalit\u00e9s.<\/strong><\/li>\n<\/ul>\n<p>[\/et_pb_text][\/et_pb_column][\/et_pb_row][\/et_pb_section][et_pb_section fb_built=\u00a0\u00bb1&Prime; module_id=\u00a0\u00bbFaisceau\u00a0\u00bb _builder_version=\u00a0\u00bb4.27.4&Prime; _module_preset=\u00a0\u00bbdefault\u00a0\u00bb background_color=\u00a0\u00bb#015082&Prime; background_enable_image=\u00a0\u00bboff\u00a0\u00bb background_blend=\u00a0\u00bbmultiply\u00a0\u00bb custom_padding=\u00a0\u00bb80px||80px||true|false\u00a0\u00bb global_colors_info=\u00a0\u00bb{}\u00a0\u00bb][et_pb_row _builder_version=\u00a0\u00bb4.27.4&Prime; _module_preset=\u00a0\u00bbdefault\u00a0\u00bb global_colors_info=\u00a0\u00bb{}\u00a0\u00bb][et_pb_column type=\u00a0\u00bb4_4&Prime; _builder_version=\u00a0\u00bb4.27.4&Prime; _module_preset=\u00a0\u00bbdefault\u00a0\u00bb global_colors_info=\u00a0\u00bb{}\u00a0\u00bb][et_pb_text _builder_version=\u00a0\u00bb4.27.4&Prime; _module_preset=\u00a0\u00bbdefault\u00a0\u00bb header_3_font=\u00a0\u00bb|700|||||||\u00a0\u00bb header_3_text_align=\u00a0\u00bbleft\u00a0\u00bb header_3_text_color=\u00a0\u00bb#FFFFFF\u00a0\u00bb header_3_font_size=\u00a0\u00bb30px\u00a0\u00bb header_3_line_height=\u00a0\u00bb1.5em\u00a0\u00bb custom_margin=\u00a0\u00bb||||false|false\u00a0\u00bb global_colors_info=\u00a0\u00bb{}\u00a0\u00bb]<\/p>\n<h3>Formation et certification group\u00e9es<\/h3>\n<p>[\/et_pb_text][et_pb_text _builder_version=\u00a0\u00bb4.27.4&Prime; _module_preset=\u00a0\u00bbdefault\u00a0\u00bb text_text_color=\u00a0\u00bb#FFFFFF\u00a0\u00bb link_font=\u00a0\u00bb||||on||||\u00a0\u00bb link_text_color=\u00a0\u00bb#FFFFFF\u00a0\u00bb header_5_font=\u00a0\u00bb|700|||||||\u00a0\u00bb header_5_text_color=\u00a0\u00bb#FFFFFF\u00a0\u00bb header_5_font_size=\u00a0\u00bb20px\u00a0\u00bb header_5_line_height=\u00a0\u00bb1.3em\u00a0\u00bb global_colors_info=\u00a0\u00bb{}\u00a0\u00bb]<\/p>\n<p><strong>Le processus de certification repose sur la r\u00e9ussite du \u00ab Cours essentiel de gestion du sel \u00bb au cours des cinq (5) derni\u00e8res ann\u00e9es.<\/strong><\/p>\n<p>1. Cr\u00e9er un compte personnel\/membre et acheter l\u2019option d\u2019adh\u00e9sion \u00ab Inscription pour devenir certifi\u00e9 \u00bb. Le co\u00fbt regroupe le co\u00fbt de la formation avec l\u2019application. Si vous avez d\u00e9j\u00e0 achet\u00e9 et compl\u00e9t\u00e9 seul le cours \u00ab Essentials of Salt Management \u00bb, contactez-nous au <a href=\"mailto:contact@smartaboutsalt.com\" target=\"_blank\" rel=\"noopener\">contact@smartaboutsalt.com<\/a> pour nous assurer que nous vous accordons un cr\u00e9dit pour la partie formation de votre demande. Cette offre est valable pendant trente (30) jours \u00e0 compter de la fin de votre formation.<\/p>\n<p>2. Remplir le formulaire de <a href=\"\/wp-content\/uploads\/2025\/08\/Application-Certified-Contracting-Company-1.pdf\" target=\"_blank\" rel=\"noopener\">demande de certification<\/a> pour les particuliers ou le <a href=\"\/wp-content\/uploads\/2025\/08\/Application-Certified-Site.pdf\" target=\"_blank\" rel=\"noopener\">formulaire de demande de d\u00e9signation de site<\/a> pour la certification du site. Le m\u00eame formulaire est requis pour le renouvellement annuel de la certification.<\/p>\n<p>[\/et_pb_text][\/et_pb_column][\/et_pb_row][\/et_pb_section][et_pb_section fb_built=\u00a0\u00bb1&Prime; _builder_version=\u00a0\u00bb4.27.4&Prime; _module_preset=\u00a0\u00bbdefault\u00a0\u00bb global_colors_info=\u00a0\u00bb{}\u00a0\u00bb][et_pb_row _builder_version=\u00a0\u00bb4.27.4&Prime; _module_preset=\u00a0\u00bbdefault\u00a0\u00bb global_colors_info=\u00a0\u00bb{}\u00a0\u00bb][et_pb_column type=\u00a0\u00bb4_4&Prime; _builder_version=\u00a0\u00bb4.27.4&Prime; _module_preset=\u00a0\u00bbdefault\u00a0\u00bb global_colors_info=\u00a0\u00bb{}\u00a0\u00bb][et_pb_text _builder_version=\u00a0\u00bb4.27.4&Prime; _module_preset=\u00a0\u00bbdefault\u00a0\u00bb header_3_font=\u00a0\u00bb|700|||||||\u00a0\u00bb header_3_text_align=\u00a0\u00bbleft\u00a0\u00bb header_3_text_color=\u00a0\u00bb#000000&Prime; header_3_font_size=\u00a0\u00bb30px\u00a0\u00bb header_3_line_height=\u00a0\u00bb1.5em\u00a0\u00bb custom_margin=\u00a0\u00bb||||false|false\u00a0\u00bb global_colors_info=\u00a0\u00bb{}\u00a0\u00bb]<\/p>\n<h3>Enregistrer l\u2019intention de certifier  <\/h3>\n<p>[\/et_pb_text][et_pb_text _builder_version=\u00a0\u00bb4.27.4&Prime; _module_preset=\u00a0\u00bbdefault\u00a0\u00bb text_text_color=\u00a0\u00bb#000000&Prime; link_font=\u00a0\u00bb||||on||||\u00a0\u00bb link_text_color=\u00a0\u00bb#FFFFFF\u00a0\u00bb header_5_font=\u00a0\u00bb|700|||||||\u00a0\u00bb header_5_text_color=\u00a0\u00bb#FFFFFF\u00a0\u00bb header_5_font_size=\u00a0\u00bb20px\u00a0\u00bb header_5_line_height=\u00a0\u00bb1.3em\u00a0\u00bb global_colors_info=\u00a0\u00bb{}\u00a0\u00bb]Pour enregistrer votre intention de devenir certifi\u00e9, veuillez compl\u00e9ter le processus d\u2019adh\u00e9sion ci-dessous. Vous recevrez un courriel lors de l\u2019approbation de votre inscription et le nom de votre entreprise sera affich\u00e9 sur le site web. Veuillez pr\u00e9voir une semaine pour l\u2019approbation.[\/et_pb_text][\/et_pb_column][\/et_pb_row][\/et_pb_section]<\/p>\n","protected":false},"excerpt":{"rendered":"<p>CertificationNous offrons des certifications tant pour les professionnels de l\u2019entretien hivernal (priv\u00e9s et municipaux) que pour les sites. Pour obtenir la certification, vous devez postuler et d\u00e9montrer que vous avez respect\u00e9 les normes du Smart About Salt Council (SASC) en compl\u00e9tant avec succ\u00e8s la formation prim\u00e9e \u00ab Essentials of Salt Management \u00bb. Cela peut se [&hellip;]<\/p>\n","protected":false},"author":1,"featured_media":0,"parent":0,"menu_order":0,"comment_status":"closed","ping_status":"closed","template":"","meta":{"_acf_changed":false,"_et_pb_use_builder":"on","_et_pb_old_content":"","_et_gb_content_width":"","footnotes":""},"dipi_cpt_category":[],"class_list":["post-838","page","type-page","status-publish","hentry"],"acf":[],"_links":{"self":[{"href":"https:\/\/dev2025.smartaboutsalt.com\/fr\/wp-json\/wp\/v2\/pages\/838","targetHints":{"allow":["GET"]}}],"collection":[{"href":"https:\/\/dev2025.smartaboutsalt.com\/fr\/wp-json\/wp\/v2\/pages"}],"about":[{"href":"https:\/\/dev2025.smartaboutsalt.com\/fr\/wp-json\/wp\/v2\/types\/page"}],"author":[{"embeddable":true,"href":"https:\/\/dev2025.smartaboutsalt.com\/fr\/wp-json\/wp\/v2\/users\/1"}],"replies":[{"embeddable":true,"href":"https:\/\/dev2025.smartaboutsalt.com\/fr\/wp-json\/wp\/v2\/comments?post=838"}],"version-history":[{"count":3,"href":"https:\/\/dev2025.smartaboutsalt.com\/fr\/wp-json\/wp\/v2\/pages\/838\/revisions"}],"predecessor-version":[{"id":866,"href":"https:\/\/dev2025.smartaboutsalt.com\/fr\/wp-json\/wp\/v2\/pages\/838\/revisions\/866"}],"wp:attachment":[{"href":"https:\/\/dev2025.smartaboutsalt.com\/fr\/wp-json\/wp\/v2\/media?parent=838"}],"wp:term":[{"taxonomy":"dipi_cpt_category","embeddable":true,"href":"https:\/\/dev2025.smartaboutsalt.com\/fr\/wp-json\/wp\/v2\/dipi_cpt_category?post=838"}],"curies":[{"name":"wp","href":"https:\/\/api.w.org\/{rel}","templated":true}]}}